{"id":12,"date":"2023-09-17T19:30:31","date_gmt":"2023-09-17T19:30:31","guid":{"rendered":"https:\/\/www.ar-architectes.com\/?page_id=12"},"modified":"2024-06-12T08:49:04","modified_gmt":"2024-06-12T08:49:04","slug":"ambition","status":"publish","type":"page","link":"https:\/\/www.ar-architectes.com\/fr\/ambition\/","title":{"rendered":"Nature Value Builder"},"content":{"rendered":"\t\t<div data-elementor-type=\"wp-page\" data-elementor-id=\"12\" class=\"elementor elementor-12\">\n\t\t\t\t<div class=\"elementor-element elementor-element-3965545 e-flex e-con-boxed e-con e-parent\" data-id=\"3965545\" data-element_type=\"container\" data-e-type=\"container\">\n\t\t\t\t\t<div class=\"e-con-inner\">\n\t\t\t\t<div class=\"elementor-element elementor-element-0d56713 elementor-widget elementor-widget-text-editor\" data-id=\"0d56713\" data-element_type=\"widget\" data-e-type=\"widget\" data-widget_type=\"text-editor.default\">\n\t\t\t\t<div class=\"elementor-widget-container\">\n\t\t\t\t\t\t\t\t\t<p class=\"p1\">Au fil des ann\u00e9es d\u2019exp\u00e9riences, AR ARCHITECTES a d\u00e9velopp\u00e9 une m\u00e9thodologie int\u00e9gr\u00e9e : Nature Value Builder.<span class=\"Apple-converted-space\">&nbsp;<\/span><\/p>\n<p class=\"p1\"><i>\u00ab Nous avons l\u2019expertise dans la conception et la r\u00e9alisation des projets ayant un cycle de vie<span class=\"Apple-converted-space\">&nbsp;<\/span><\/i><\/p>\n<p class=\"p2\"><i>adapt\u00e9 \u00e0 l\u2019environnement durable et dans une volont\u00e9 de r\u00e9silience climatique \u00bb<\/i><\/p>\t\t\t\t\t\t\t\t<\/div>\n\t\t\t\t<\/div>\n\t\t\t\t\t<\/div>\n\t\t\t\t<\/div>\n\t\t<div class=\"elementor-element elementor-element-222ff8e e-flex e-con-boxed e-con e-parent\" data-id=\"222ff8e\" data-element_type=\"container\" data-e-type=\"container\">\n\t\t\t\t\t<div class=\"e-con-inner\">\n\t\t\t\t<div class=\"elementor-element elementor-element-1a92322 elementor-widget elementor-widget-heading\" data-id=\"1a92322\" data-element_type=\"widget\" data-e-type=\"widget\" data-widget_type=\"heading.default\">\n\t\t\t\t<div class=\"elementor-widget-container\">\n\t\t\t\t\t<h2 class=\"elementor-heading-title elementor-size-default\">NATURE VALUE BUILDER<\/h2>\t\t\t\t<\/div>\n\t\t\t\t<\/div>\n\t\t\t\t\t<\/div>\n\t\t\t\t<\/div>\n\t\t<div class=\"elementor-element elementor-element-81e47d3 e-flex e-con-boxed e-con e-parent\" data-id=\"81e47d3\" data-element_type=\"container\" data-e-type=\"container\">\n\t\t\t\t\t<div class=\"e-con-inner\">\n\t\t\t\t<div class=\"elementor-element elementor-element-33fcde1 elementor-widget elementor-widget-text-editor\" data-id=\"33fcde1\" data-element_type=\"widget\" data-e-type=\"widget\" data-widget_type=\"text-editor.default\">\n\t\t\t\t<div class=\"elementor-widget-container\">\n\t\t\t\t\t\t\t\t\t<p><img fetchpriority=\"high\" decoding=\"async\" class=\"alignright size-full wp-image-4880\" src=\"https:\/\/www.ar-architectes.com\/wp-content\/uploads\/2024\/06\/AR_LOGO-NATURE-VALUE-BUILDER_120624-1.png\" alt=\"\" width=\"6000\" height=\"3375\" srcset=\"https:\/\/www.ar-architectes.com\/wp-content\/uploads\/2024\/06\/AR_LOGO-NATURE-VALUE-BUILDER_120624-1.png 6000w, https:\/\/www.ar-architectes.com\/wp-content\/uploads\/2024\/06\/AR_LOGO-NATURE-VALUE-BUILDER_120624-1-300x169.png 300w, https:\/\/www.ar-architectes.com\/wp-content\/uploads\/2024\/06\/AR_LOGO-NATURE-VALUE-BUILDER_120624-1-1024x576.png 1024w, https:\/\/www.ar-architectes.com\/wp-content\/uploads\/2024\/06\/AR_LOGO-NATURE-VALUE-BUILDER_120624-1-768x432.png 768w, https:\/\/www.ar-architectes.com\/wp-content\/uploads\/2024\/06\/AR_LOGO-NATURE-VALUE-BUILDER_120624-1-1536x864.png 1536w, https:\/\/www.ar-architectes.com\/wp-content\/uploads\/2024\/06\/AR_LOGO-NATURE-VALUE-BUILDER_120624-1-2048x1152.png 2048w, https:\/\/www.ar-architectes.com\/wp-content\/uploads\/2024\/06\/AR_LOGO-NATURE-VALUE-BUILDER_120624-1-700x394.png 700w, https:\/\/www.ar-architectes.com\/wp-content\/uploads\/2024\/06\/AR_LOGO-NATURE-VALUE-BUILDER_120624-1-539x303.png 539w\" sizes=\"(max-width: 6000px) 100vw, 6000px\" \/><\/p>\t\t\t\t\t\t\t\t<\/div>\n\t\t\t\t<\/div>\n\t\t\t\t\t<\/div>\n\t\t\t\t<\/div>\n\t\t<div class=\"elementor-element elementor-element-3db8bb0 e-flex e-con-boxed e-con e-parent\" data-id=\"3db8bb0\" data-element_type=\"container\" data-e-type=\"container\">\n\t\t\t\t\t<div class=\"e-con-inner\">\n\t\t<div class=\"elementor-element elementor-element-757a8fc e-con-full e-flex e-con e-child\" data-id=\"757a8fc\" data-element_type=\"container\" data-e-type=\"container\">\n\t\t\t\t<div class=\"elementor-element elementor-element-303999f e-transform elementor-widget elementor-widget-text-editor\" data-id=\"303999f\" data-element_type=\"widget\" data-e-type=\"widget\" data-settings=\"{&quot;_transform_rotateZ_effect&quot;:{&quot;unit&quot;:&quot;px&quot;,&quot;size&quot;:0,&quot;sizes&quot;:[]},&quot;_transform_rotateZ_effect_tablet&quot;:{&quot;unit&quot;:&quot;deg&quot;,&quot;size&quot;:&quot;&quot;,&quot;sizes&quot;:[]},&quot;_transform_rotateZ_effect_mobile&quot;:{&quot;unit&quot;:&quot;deg&quot;,&quot;size&quot;:&quot;&quot;,&quot;sizes&quot;:[]}}\" data-widget_type=\"text-editor.default\">\n\t\t\t\t<div class=\"elementor-widget-container\">\n\t\t\t\t\t\t\t\t\t<p><strong>Design et architecture<\/strong><\/p>\t\t\t\t\t\t\t\t<\/div>\n\t\t\t\t<\/div>\n\t\t\t\t<\/div>\n\t\t<div class=\"elementor-element elementor-element-d0ff3f3 e-con-full e-flex e-con e-child\" data-id=\"d0ff3f3\" data-element_type=\"container\" data-e-type=\"container\">\n\t\t\t\t<div class=\"elementor-element elementor-element-f91667f elementor-widget elementor-widget-text-editor\" data-id=\"f91667f\" data-element_type=\"widget\" data-e-type=\"widget\" data-widget_type=\"text-editor.default\">\n\t\t\t\t<div class=\"elementor-widget-container\">\n\t\t\t\t\t\t\t\t\t<p>Nous d\u00e9veloppons l&rsquo;image architecturale du b\u00e2timent sur les bases bas carbone et avec toutes les contraintes normatives.<\/p>\t\t\t\t\t\t\t\t<\/div>\n\t\t\t\t<\/div>\n\t\t\t\t<\/div>\n\t\t\t\t\t<\/div>\n\t\t\t\t<\/div>\n\t\t<div class=\"elementor-element elementor-element-fea0fda e-flex e-con-boxed e-con e-parent\" data-id=\"fea0fda\" data-element_type=\"container\" data-e-type=\"container\">\n\t\t\t\t\t<div class=\"e-con-inner\">\n\t\t<div class=\"elementor-element elementor-element-c18f188 e-con-full e-flex e-con e-child\" data-id=\"c18f188\" data-element_type=\"container\" data-e-type=\"container\">\n\t\t\t\t<div class=\"elementor-element elementor-element-9184960 elementor-widget elementor-widget-text-editor\" data-id=\"9184960\" data-element_type=\"widget\" data-e-type=\"widget\" data-widget_type=\"text-editor.default\">\n\t\t\t\t<div class=\"elementor-widget-container\">\n\t\t\t\t\t\t\t\t\t<p><strong>Mat\u00e9riaux durables<\/strong><\/p>\t\t\t\t\t\t\t\t<\/div>\n\t\t\t\t<\/div>\n\t\t\t\t<\/div>\n\t\t<div class=\"elementor-element elementor-element-0e56feb e-con-full e-flex e-con e-child\" data-id=\"0e56feb\" data-element_type=\"container\" data-e-type=\"container\">\n\t\t\t\t<div class=\"elementor-element elementor-element-b99d824 elementor-widget elementor-widget-text-editor\" data-id=\"b99d824\" data-element_type=\"widget\" data-e-type=\"widget\" data-widget_type=\"text-editor.default\">\n\t\t\t\t<div class=\"elementor-widget-container\">\n\t\t\t\t\t\t\t\t\t<p>Nous proposons des solutions de mat\u00e9riaux biosourc\u00e9s et g\u00e9osourc\u00e9s dans toutes les \u00e9tapes, de la conception \u00e0 la r\u00e9alisation d&rsquo;un projet et pour toutes les fonctions du b\u00e2timent et de l&rsquo;infrastructure.<\/p>\t\t\t\t\t\t\t\t<\/div>\n\t\t\t\t<\/div>\n\t\t\t\t<\/div>\n\t\t\t\t\t<\/div>\n\t\t\t\t<\/div>\n\t\t<div class=\"elementor-element elementor-element-4cfbd19 e-flex e-con-boxed e-con e-parent\" data-id=\"4cfbd19\" data-element_type=\"container\" data-e-type=\"container\">\n\t\t\t\t\t<div class=\"e-con-inner\">\n\t\t<div class=\"elementor-element elementor-element-2f605d4 e-con-full e-flex e-con e-child\" data-id=\"2f605d4\" data-element_type=\"container\" data-e-type=\"container\">\n\t\t\t\t<div class=\"elementor-element elementor-element-c03c7be elementor-widget elementor-widget-text-editor\" data-id=\"c03c7be\" data-element_type=\"widget\" data-e-type=\"widget\" data-widget_type=\"text-editor.default\">\n\t\t\t\t<div class=\"elementor-widget-container\">\n\t\t\t\t\t\t\t\t\t<p><strong>\u00c9nergie<\/strong><\/p>\t\t\t\t\t\t\t\t<\/div>\n\t\t\t\t<\/div>\n\t\t\t\t<\/div>\n\t\t<div class=\"elementor-element elementor-element-c3ab4b4 e-con-full e-flex e-con e-child\" data-id=\"c3ab4b4\" data-element_type=\"container\" data-e-type=\"container\">\n\t\t\t\t<div class=\"elementor-element elementor-element-023ad89 elementor-widget elementor-widget-text-editor\" data-id=\"023ad89\" data-element_type=\"widget\" data-e-type=\"widget\" data-widget_type=\"text-editor.default\">\n\t\t\t\t<div class=\"elementor-widget-container\">\n\t\t\t\t\t\t\t\t\t<p>Nous avons rassembl\u00e9s toutes les techniques vernaculaires, bioclimatiques, actuelles et innovantes pour rendre le b\u00e2timent positif en \u00e9nergie et en ressources.<\/p>\t\t\t\t\t\t\t\t<\/div>\n\t\t\t\t<\/div>\n\t\t\t\t<\/div>\n\t\t\t\t\t<\/div>\n\t\t\t\t<\/div>\n\t\t<div class=\"elementor-element elementor-element-9fae91a e-flex e-con-boxed e-con e-parent\" data-id=\"9fae91a\" data-element_type=\"container\" data-e-type=\"container\">\n\t\t\t\t\t<div class=\"e-con-inner\">\n\t\t<div class=\"elementor-element elementor-element-c0d54f9 e-con-full e-flex e-con e-child\" data-id=\"c0d54f9\" data-element_type=\"container\" data-e-type=\"container\">\n\t\t\t\t<div class=\"elementor-element elementor-element-e5ec07f elementor-widget elementor-widget-text-editor\" data-id=\"e5ec07f\" data-element_type=\"widget\" data-e-type=\"widget\" data-widget_type=\"text-editor.default\">\n\t\t\t\t<div class=\"elementor-widget-container\">\n\t\t\t\t\t\t\t\t\t<p><strong>Am\u00e9nagements paysagers<\/strong><\/p>\t\t\t\t\t\t\t\t<\/div>\n\t\t\t\t<\/div>\n\t\t\t\t<\/div>\n\t\t<div class=\"elementor-element elementor-element-9f7c537 e-con-full e-flex e-con e-child\" data-id=\"9f7c537\" data-element_type=\"container\" data-e-type=\"container\">\n\t\t\t\t<div class=\"elementor-element elementor-element-9dc88dc elementor-widget elementor-widget-text-editor\" data-id=\"9dc88dc\" data-element_type=\"widget\" data-e-type=\"widget\" data-widget_type=\"text-editor.default\">\n\t\t\t\t<div class=\"elementor-widget-container\">\n\t\t\t\t\t\t\t\t\t<p>Nous avons d\u00e9velopp\u00e9 la connaissance et technique d&rsquo;int\u00e9grer l&rsquo;environnement et le v\u00e9g\u00e9tal en lien direct avec le b\u00e2timent dans un r\u00f4le actif.<\/p>\t\t\t\t\t\t\t\t<\/div>\n\t\t\t\t<\/div>\n\t\t\t\t<\/div>\n\t\t\t\t\t<\/div>\n\t\t\t\t<\/div>\n\t\t<div class=\"elementor-element elementor-element-a4881f9 e-flex e-con-boxed e-con e-parent\" data-id=\"a4881f9\" data-element_type=\"container\" data-e-type=\"container\">\n\t\t\t\t\t<div class=\"e-con-inner\">\n\t\t<div class=\"elementor-element elementor-element-48851ed e-con-full e-flex e-con e-child\" data-id=\"48851ed\" data-element_type=\"container\" data-e-type=\"container\">\n\t\t\t\t<div class=\"elementor-element elementor-element-2fd92f6 elementor-widget elementor-widget-text-editor\" data-id=\"2fd92f6\" data-element_type=\"widget\" data-e-type=\"widget\" data-widget_type=\"text-editor.default\">\n\t\t\t\t<div class=\"elementor-widget-container\">\n\t\t\t\t\t\t\t\t\t<p><strong>Biodiversit\u00e9<\/strong><\/p>\t\t\t\t\t\t\t\t<\/div>\n\t\t\t\t<\/div>\n\t\t\t\t<\/div>\n\t\t<div class=\"elementor-element elementor-element-49984a8 e-con-full e-flex e-con e-child\" data-id=\"49984a8\" data-element_type=\"container\" data-e-type=\"container\">\n\t\t\t\t<div class=\"elementor-element elementor-element-697b2be elementor-widget elementor-widget-text-editor\" data-id=\"697b2be\" data-element_type=\"widget\" data-e-type=\"widget\" data-widget_type=\"text-editor.default\">\n\t\t\t\t<div class=\"elementor-widget-container\">\n\t\t\t\t\t\t\t\t\t<p>Nous \u00e9tudions l&rsquo;environnement propre au site pour pr\u00e9server et restaurer la biodiversit\u00e9.<\/p>\t\t\t\t\t\t\t\t<\/div>\n\t\t\t\t<\/div>\n\t\t\t\t<\/div>\n\t\t\t\t\t<\/div>\n\t\t\t\t<\/div>\n\t\t\t\t<\/div>\n\t\t","protected":false},"excerpt":{"rendered":"<p>Au fil des ann\u00e9es d\u2019exp\u00e9riences, AR ARCHITECTES a d\u00e9velopp\u00e9 une m\u00e9thodologie int\u00e9gr\u00e9e : Nature Value Builder.&nbsp; \u00ab Nous avons l\u2019expertise dans la conception et la r\u00e9alisation des projets ayant un cycle de vie&nbsp; adapt\u00e9 \u00e0 l\u2019environnement durable et dans une volont\u00e9 de r\u00e9silience climatique \u00bb&#8230;<\/p>\n","protected":false},"author":1,"featured_media":0,"parent":0,"menu_order":0,"comment_status":"closed","ping_status":"closed","template":"","meta":{"_monsterinsights_skip_tracking":false,"_monsterinsights_sitenote_active":false,"_monsterinsights_sitenote_note":"","_monsterinsights_sitenote_category":0,"footnotes":""},"class_list":["post-12","page","type-page","status-publish","hentry"],"_links":{"self":[{"href":"https:\/\/www.ar-architectes.com\/fr\/wp-json\/wp\/v2\/pages\/12","targetHints":{"allow":["GET"]}}],"collection":[{"href":"https:\/\/www.ar-architectes.com\/fr\/wp-json\/wp\/v2\/pages"}],"about":[{"href":"https:\/\/www.ar-architectes.com\/fr\/wp-json\/wp\/v2\/types\/page"}],"author":[{"embeddable":true,"href":"https:\/\/www.ar-architectes.com\/fr\/wp-json\/wp\/v2\/users\/1"}],"replies":[{"embeddable":true,"href":"https:\/\/www.ar-architectes.com\/fr\/wp-json\/wp\/v2\/comments?post=12"}],"version-history":[{"count":146,"href":"https:\/\/www.ar-architectes.com\/fr\/wp-json\/wp\/v2\/pages\/12\/revisions"}],"predecessor-version":[{"id":4884,"href":"https:\/\/www.ar-architectes.com\/fr\/wp-json\/wp\/v2\/pages\/12\/revisions\/4884"}],"wp:attachment":[{"href":"https:\/\/www.ar-architectes.com\/fr\/wp-json\/wp\/v2\/media?parent=12"}],"curies":[{"name":"wp","href":"https:\/\/api.w.org\/{rel}","templated":true}]}}