{"id":16,"date":"2023-09-17T19:31:31","date_gmt":"2023-09-17T19:31:31","guid":{"rendered":"https:\/\/www.ar-architectes.com\/?page_id=16"},"modified":"2024-07-16T08:43:14","modified_gmt":"2024-07-16T08:43:14","slug":"agence","status":"publish","type":"page","link":"https:\/\/www.ar-architectes.com\/fr\/agence\/","title":{"rendered":"Qui sommes-nous ?"},"content":{"rendered":"\t\t<div data-elementor-type=\"wp-page\" data-elementor-id=\"16\" class=\"elementor elementor-16\">\n\t\t\t\t<div class=\"elementor-element elementor-element-440a09a e-flex e-con-boxed e-con e-parent\" data-id=\"440a09a\" data-element_type=\"container\" data-e-type=\"container\">\n\t\t\t\t\t<div class=\"e-con-inner\">\n\t\t\t\t<div class=\"elementor-element elementor-element-458a629 default-title elementor-widget elementor-widget-heading\" data-id=\"458a629\" data-element_type=\"widget\" data-e-type=\"widget\" data-widget_type=\"heading.default\">\n\t\t\t\t<div class=\"elementor-widget-container\">\n\t\t\t\t\t<p class=\"elementor-heading-title elementor-size-default\">\u00c0 propos d'AR ARCHITECTES<\/p>\t\t\t\t<\/div>\n\t\t\t\t<\/div>\n\t\t\t\t\t<\/div>\n\t\t\t\t<\/div>\n\t\t<div class=\"elementor-element elementor-element-1dd752e e-flex e-con-boxed e-con e-parent\" data-id=\"1dd752e\" data-element_type=\"container\" data-e-type=\"container\">\n\t\t\t\t\t<div class=\"e-con-inner\">\n\t\t\t\t<div class=\"elementor-element elementor-element-0133209 elementor-widget elementor-widget-text-editor\" data-id=\"0133209\" data-element_type=\"widget\" data-e-type=\"widget\" data-widget_type=\"text-editor.default\">\n\t\t\t\t<div class=\"elementor-widget-container\">\n\t\t\t\t\t\t\t\t\t<p class=\"p1\"><b><img decoding=\"async\" class=\"alignright size-full wp-image-872\" src=\"https:\/\/www.ar-architectes.com\/wp-content\/uploads\/2023\/10\/AR_20ANS_310623.png\" alt=\"\" width=\"240\" height=\"auto\" srcset=\"https:\/\/www.ar-architectes.com\/wp-content\/uploads\/2023\/10\/AR_20ANS_310623.png 320w, https:\/\/www.ar-architectes.com\/wp-content\/uploads\/2023\/10\/AR_20ANS_310623-300x131.png 300w\" sizes=\"(max-width: 320px) 100vw, 320px\" \/><\/b><\/p>\n<strong>AR ARCHITECTES<\/strong> est une agence d\u2019architecture fran\u00e7aise et internationale bas\u00e9e \u00e0 Paris, fond\u00e9e en 2003 par Ruba ALABED, Architecte DESA, D\u00e9l\u00e9gu\u00e9e G\u00e9n\u00e9rale du Club ADEME International et Conseill\u00e8re du Commerce Ext\u00e9rieur de la France.\n\nL\u2019agence poursuit une d\u00e9marche o\u00f9 la nature, la biodiversit\u00e9 et l\u2019environnement construits et non construits sont au c\u0153ur de ses r\u00e9flexions. Au travers de nombreux projets et r\u00e9alisations, AR ARCHITECTES ma\u00eetrise l\u2019\u00e9co-conception architecturale, urbaine et paysag\u00e8re, associ\u00e9e \u00e0 l\u2019ing\u00e9nierie des nouvelles technologies, visant \u00e0 <strong>r\u00e9duire les consommations \u00e9nerg\u00e9tiques<\/strong>, ainsi qu\u2019\u00e0 <strong>restaurer des ressources naturelles et la biodiversit\u00e9<\/strong> dans l\u2019am\u00e9nagement et la construction.\n\nDepuis sa cr\u00e9ation, l\u2019engagement de AR ARCHITECTES est concret et exp\u00e9riment\u00e9 suivant une m\u00e9thodologie globale. Pr\u00e9curseur de nombreuses approches de la conception en Haute Qualit\u00e9 Environnementale (HQE\u00a9), sa m\u00e9thodologie s\u2019appuie sur cinq points principaux :\n<ul>\n \t<li>L\u2019architecture et le design des constructions et r\u00e9habilitations sur des bases <strong>bas carbone<\/strong> en prenant en compte toutes les <strong>contraintes normatives<\/strong>,<\/li>\n \t<li>L\u2019usage des <strong>mat\u00e9riaux durables \u2013 biosourc\u00e9s et g\u00e9osourc\u00e9s<\/strong> \u2013 \u00e0 toutes les \u00e9tapes, de la conception \u00e0 la r\u00e9alisation d\u2019un projet et pour toutes les fonctions du b\u00e2timent et de l\u2019infrastructure,<\/li>\n \t<li>L\u2019efficacit\u00e9 en \u00e9nergie des b\u00e2timents en rassemblant toutes les techniques vernaculaires, bioclimatiques, actuelles et innovantes, afin de rendre les <strong>b\u00e2timents positifs en \u00e9nergie et en ressources<\/strong>,<\/li>\n \t<li>L\u2019am\u00e9nagement paysager qui se fait par le biais des connaissances techniques afin d\u2019int\u00e9grer l\u2019environnement et le v\u00e9g\u00e9tal en lien direct avec le b\u00e2timent dans un r\u00f4le actif,<\/li>\n \t<li>L\u2019\u00e9tude exhaustive de l\u2019environnement propre au site dans l\u2019objectif permanent d\u2019adopter une <strong>d\u00e9marche bioclimatique<\/strong>, de pr\u00e9server et de restaurer la biodiversit\u00e9.<\/li>\n<\/ul>\nCette m\u00e9thodologie et l\u2019approche HQE\u00a9 de AR ARCHITECTES ont \u00e9t\u00e9 appliqu\u00e9es dans de nombreuses r\u00e9alisations en France comme \u00e0 l\u2019international d\u2019<strong>\u00e9co-constructions<\/strong>, d\u2019<strong>\u00e9co-r\u00e9novations<\/strong>, d\u2019<strong>\u00e9co-urbanisme et paysage<\/strong>, de mise en accessibilit\u00e9 et dans toutes les \u00e9tudes de faisabilit\u00e9. Par ailleurs, l\u2019agence accompagne les ma\u00eetres d\u2019ouvrage publics ou priv\u00e9s dans les missions de <strong>certification environnementale<\/strong> des constructions et dans la mise en place d\u2019une <strong>d\u00e9marche de sensibilisation environnementale<\/strong> \u00e0 travers des parcours p\u00e9dagogiques.\n\nSous la direction de Ruba ALABED, cette \u00e9quipe pluridisciplinaire s\u2019appuie sur les connaissances acquises de ses exp\u00e9riences du pass\u00e9, continue \u00e0 mettre en application ses \u00e9co-convictions dans le pr\u00e9sent, afin de construire un monde plus durable pour le futur. Sa philosophie est \u00ab <strong>Nature Value Builder <\/strong>\u00bb.\t\t\t\t\t\t\t\t<\/div>\n\t\t\t\t<\/div>\n\t\t\t\t\t<\/div>\n\t\t\t\t<\/div>\n\t\t<div class=\"elementor-element elementor-element-e1172e3 e-flex e-con-boxed e-con e-parent\" data-id=\"e1172e3\" data-element_type=\"container\" data-e-type=\"container\">\n\t\t\t\t\t<div class=\"e-con-inner\">\n\t\t\t\t<div class=\"elementor-element elementor-element-ad261d8 elementor-widget elementor-widget-image\" data-id=\"ad261d8\" data-element_type=\"widget\" data-e-type=\"widget\" data-widget_type=\"image.default\">\n\t\t\t\t<div class=\"elementor-widget-container\">\n\t\t\t\t\t\t\t\t\t\t\t\t\t\t\t<img fetchpriority=\"high\" decoding=\"async\" width=\"1024\" height=\"715\" src=\"https:\/\/www.ar-architectes.com\/wp-content\/uploads\/2024\/07\/PHOTO_EQUIPE_100724-1024x715.jpg\" class=\"attachment-large size-large wp-image-5034\" alt=\"\" srcset=\"https:\/\/www.ar-architectes.com\/wp-content\/uploads\/2024\/07\/PHOTO_EQUIPE_100724-1024x715.jpg 1024w, https:\/\/www.ar-architectes.com\/wp-content\/uploads\/2024\/07\/PHOTO_EQUIPE_100724-300x209.jpg 300w, https:\/\/www.ar-architectes.com\/wp-content\/uploads\/2024\/07\/PHOTO_EQUIPE_100724-768x536.jpg 768w, https:\/\/www.ar-architectes.com\/wp-content\/uploads\/2024\/07\/PHOTO_EQUIPE_100724-1536x1072.jpg 1536w, https:\/\/www.ar-architectes.com\/wp-content\/uploads\/2024\/07\/PHOTO_EQUIPE_100724-2048x1430.jpg 2048w, https:\/\/www.ar-architectes.com\/wp-content\/uploads\/2024\/07\/PHOTO_EQUIPE_100724-700x489.jpg 700w\" sizes=\"(max-width: 1024px) 100vw, 1024px\" \/>\t\t\t\t\t\t\t\t\t\t\t\t\t\t\t<\/div>\n\t\t\t\t<\/div>\n\t\t\t\t\t<\/div>\n\t\t\t\t<\/div>\n\t\t<div class=\"elementor-element elementor-element-3f000cb e-flex e-con-boxed e-con e-parent\" data-id=\"3f000cb\" data-element_type=\"container\" data-e-type=\"container\">\n\t\t\t\t\t<div class=\"e-con-inner\">\n\t\t\t\t<div class=\"elementor-element elementor-element-2b6849b elementor-widget elementor-widget-image\" data-id=\"2b6849b\" data-element_type=\"widget\" data-e-type=\"widget\" data-widget_type=\"image.default\">\n\t\t\t\t<div class=\"elementor-widget-container\">\n\t\t\t\t\t\t\t\t\t\t\t\t\t\t\t<img decoding=\"async\" width=\"1024\" height=\"768\" src=\"https:\/\/www.ar-architectes.com\/wp-content\/uploads\/2024\/07\/IMG_5508-1024x768.jpeg\" class=\"attachment-large size-large wp-image-5061\" alt=\"\" srcset=\"https:\/\/www.ar-architectes.com\/wp-content\/uploads\/2024\/07\/IMG_5508-1024x768.jpeg 1024w, https:\/\/www.ar-architectes.com\/wp-content\/uploads\/2024\/07\/IMG_5508-300x225.jpeg 300w, https:\/\/www.ar-architectes.com\/wp-content\/uploads\/2024\/07\/IMG_5508-768x576.jpeg 768w, https:\/\/www.ar-architectes.com\/wp-content\/uploads\/2024\/07\/IMG_5508-1536x1152.jpeg 1536w, https:\/\/www.ar-architectes.com\/wp-content\/uploads\/2024\/07\/IMG_5508-2048x1536.jpeg 2048w, https:\/\/www.ar-architectes.com\/wp-content\/uploads\/2024\/07\/IMG_5508-800x600.jpeg 800w, https:\/\/www.ar-architectes.com\/wp-content\/uploads\/2024\/07\/IMG_5508-700x525.jpeg 700w\" sizes=\"(max-width: 1024px) 100vw, 1024px\" \/>\t\t\t\t\t\t\t\t\t\t\t\t\t\t\t<\/div>\n\t\t\t\t<\/div>\n\t\t\t\t\t<\/div>\n\t\t\t\t<\/div>\n\t\t<div class=\"elementor-element elementor-element-990f98e e-flex e-con-boxed e-con e-parent\" data-id=\"990f98e\" data-element_type=\"container\" data-e-type=\"container\">\n\t\t\t\t\t<div class=\"e-con-inner\">\n\t\t\t\t<div class=\"elementor-element elementor-element-d36c960 elementor-widget elementor-widget-heading\" data-id=\"d36c960\" data-element_type=\"widget\" data-e-type=\"widget\" data-widget_type=\"heading.default\">\n\t\t\t\t<div class=\"elementor-widget-container\">\n\t\t\t\t\t<p class=\"elementor-heading-title elementor-size-default\">Prix remport\u00e9s par l'agence<\/p>\t\t\t\t<\/div>\n\t\t\t\t<\/div>\n\t\t\t\t\t<\/div>\n\t\t\t\t<\/div>\n\t\t<div class=\"elementor-element elementor-element-fd13b6d e-flex e-con-boxed e-con e-parent\" data-id=\"fd13b6d\" data-element_type=\"container\" data-e-type=\"container\">\n\t\t\t\t\t<div class=\"e-con-inner\">\n\t\t<div class=\"elementor-element elementor-element-c4e70af e-con-full e-flex e-con e-child\" data-id=\"c4e70af\" data-element_type=\"container\" data-e-type=\"container\">\n\t\t\t\t<div class=\"elementor-element elementor-element-6b22ee6 elementor-widget elementor-widget-bridge_image_with_text_over\" data-id=\"6b22ee6\" data-element_type=\"widget\" data-e-type=\"widget\" data-widget_type=\"bridge_image_with_text_over.default\">\n\t\t\t\t<div class=\"elementor-widget-container\">\n\t\t\t\t\t<div class=\"q_image_with_text_over q_iwto_hover\"><div class=\"shader\" style = \"background-color: #FFFFFF00\"><\/div><div class=\"shader_hover\" style=\"background-color: #020101D1\"><\/div><img decoding=\"async\" itemprop=\"image\" src=\"https:\/\/www.ar-architectes.com\/wp-content\/uploads\/2023\/10\/21-2983-Certif-C-AMBASSADE-DE-DOHA-scaled.jpg\" alt=\"\" \/><div class=\"text\"><table><tr><td><h2 class=\"caption no_icon\" style=\"color: #000000;font-size: 10px;\"><\/h2><\/td><\/tr><\/table><table><tr><td><div class=\"desc\">Certification HQE\u00a9, Niveau Exceptionnel, de l\u2019ambassade de France \u00e0 Doha, au Qatar.\u00a0 CERTIVEA - CERWAY, le 16 D\u00e9cembre 2021<\/div><\/td><\/tr><\/table><\/div><\/div>\t\t\t\t<\/div>\n\t\t\t\t<\/div>\n\t\t\t\t<div class=\"elementor-element elementor-element-d734211 elementor-widget elementor-widget-bridge_image_with_text_over\" data-id=\"d734211\" data-element_type=\"widget\" data-e-type=\"widget\" data-widget_type=\"bridge_image_with_text_over.default\">\n\t\t\t\t<div class=\"elementor-widget-container\">\n\t\t\t\t\t<div class=\"q_image_with_text_over q_iwto_hover\"><div class=\"shader\" style = \"background-color: #FFFFFF00\"><\/div><div class=\"shader_hover\" style=\"background-color: #020101D1\"><\/div><img decoding=\"async\" itemprop=\"image\" src=\"https:\/\/www.ar-architectes.com\/wp-content\/uploads\/2023\/10\/CONSTRUCTION-BATIACTU-2014.jpg\" alt=\"\" \/><div class=\"text\"><table><tr><td><h2 class=\"caption no_icon\" style=\"color: #000000;font-size: 10px;\"><\/h2><\/td><\/tr><\/table><table><tr><td><div class=\"desc\"><p class=\"p1\">Beynes finaliste 2014 cat\u00e9gorie \u00ab Construction de b\u00e2timents tertiaires ERP !<\/p><\/div><\/td><\/tr><\/table><\/div><\/div>\t\t\t\t<\/div>\n\t\t\t\t<\/div>\n\t\t\t\t<div class=\"elementor-element elementor-element-c5dec53 elementor-widget elementor-widget-bridge_image_with_text_over\" data-id=\"c5dec53\" data-element_type=\"widget\" data-e-type=\"widget\" data-widget_type=\"bridge_image_with_text_over.default\">\n\t\t\t\t<div class=\"elementor-widget-container\">\n\t\t\t\t\t<div class=\"q_image_with_text_over q_iwto_hover\"><div class=\"shader\" style = \"background-color: #FFFFFF00\"><\/div><div class=\"shader_hover\" style=\"background-color: #020101D1\"><\/div><img decoding=\"async\" itemprop=\"image\" src=\"https:\/\/www.ar-architectes.com\/wp-content\/uploads\/2023\/10\/JANUS-2014.jpg\" alt=\"\" \/><div class=\"text\"><table><tr><td><h2 class=\"caption no_icon\" style=\"color: #000000;\"><\/h2><\/td><\/tr><\/table><table><tr><td><div class=\"desc\"><p class=\"p1\">Beynes, a obtenu le label Janus de Cit\u00e9 2014 par l'IFD octobre 2014<\/p><\/div><\/td><\/tr><\/table><\/div><\/div>\t\t\t\t<\/div>\n\t\t\t\t<\/div>\n\t\t\t\t<\/div>\n\t\t<div class=\"elementor-element elementor-element-f160ad2 e-con-full e-flex e-con e-child\" data-id=\"f160ad2\" data-element_type=\"container\" data-e-type=\"container\">\n\t\t\t\t<div class=\"elementor-element elementor-element-4d97e2a elementor-widget elementor-widget-bridge_image_with_text_over\" data-id=\"4d97e2a\" data-element_type=\"widget\" data-e-type=\"widget\" data-widget_type=\"bridge_image_with_text_over.default\">\n\t\t\t\t<div class=\"elementor-widget-container\">\n\t\t\t\t\t<div class=\"q_image_with_text_over q_iwto_hover\"><div class=\"shader\" style = \"background-color: #FFFFFF00\"><\/div><div class=\"shader_hover\" style=\"background-color: #020101D1\"><\/div><img decoding=\"async\" itemprop=\"image\" src=\"https:\/\/www.ar-architectes.com\/wp-content\/uploads\/2023\/10\/AR_TROPHEE-DE-LA-REUSSITE-A-LINTERNATIONAL-CCEF-1.jpg\" alt=\"\" \/><div class=\"text\"><table><tr><td><h2 class=\"caption no_icon\" style=\"color: #000000;\"><\/h2><\/td><\/tr><\/table><table><tr><td><div class=\"desc\"><p class=\"p1\">Certification CERTIVEA, selon le r\u00e9f\u00e9rentiel CERWAY, le 16 D\u00e9cembre 2021<\/p><\/div><\/td><\/tr><\/table><\/div><\/div>\t\t\t\t<\/div>\n\t\t\t\t<\/div>\n\t\t\t\t<div class=\"elementor-element elementor-element-2fdf101 elementor-widget elementor-widget-bridge_image_with_text_over\" data-id=\"2fdf101\" data-element_type=\"widget\" data-e-type=\"widget\" data-widget_type=\"bridge_image_with_text_over.default\">\n\t\t\t\t<div class=\"elementor-widget-container\">\n\t\t\t\t\t<div class=\"q_image_with_text_over q_iwto_hover\"><div class=\"shader\" style = \"background-color: #FFFFFF00\"><\/div><div class=\"shader_hover\" style=\"background-color: #020101D1\"><\/div><img decoding=\"async\" itemprop=\"image\" src=\"https:\/\/www.ar-architectes.com\/wp-content\/uploads\/2023\/10\/CONSTRUCTION-BOIS-2014.jpg\" alt=\"\" \/><div class=\"text\"><table><tr><td><h2 class=\"caption no_icon\" style=\"color: #000000;\"><\/h2><\/td><\/tr><\/table><table><tr><td><div class=\"desc\"><p class=\"p1\">Beynes s\u00e9lectionn\u00e9 par le jury du Prix National Construction Bois en juillet 2014<\/p><\/div><\/td><\/tr><\/table><\/div><\/div>\t\t\t\t<\/div>\n\t\t\t\t<\/div>\n\t\t\t\t<\/div>\n\t\t<div class=\"elementor-element elementor-element-5aacce9 e-con-full e-flex e-con e-child\" data-id=\"5aacce9\" data-element_type=\"container\" data-e-type=\"container\">\n\t\t\t\t<div class=\"elementor-element elementor-element-abb5cbc elementor-widget elementor-widget-bridge_image_with_text_over\" data-id=\"abb5cbc\" data-element_type=\"widget\" data-e-type=\"widget\" data-widget_type=\"bridge_image_with_text_over.default\">\n\t\t\t\t<div class=\"elementor-widget-container\">\n\t\t\t\t\t<div class=\"q_image_with_text_over q_iwto_hover\"><div class=\"shader\" style = \"background-color: #FFFFFF00\"><\/div><div class=\"shader_hover\" style=\"background-color: #020101D1\"><\/div><img decoding=\"async\" itemprop=\"image\" src=\"https:\/\/www.ar-architectes.com\/wp-content\/uploads\/2023\/10\/Diplome_Ecostation_Plantins_Infras_FR.jpg\" alt=\"\" \/><div class=\"text\"><table><tr><td><h2 class=\"caption no_icon\" style=\"color: #000000;\"><\/h2><\/td><\/tr><\/table><table><tr><td><div class=\"desc\"><p class=\"p1\">Construction 21 en octobre 2017 pour l\u2019Eco-station d\u2019\u00e9puration des Plantins \u00e0 Beynes (78)<\/p><\/div><\/td><\/tr><\/table><\/div><\/div>\t\t\t\t<\/div>\n\t\t\t\t<\/div>\n\t\t\t\t<div class=\"elementor-element elementor-element-d963be7 elementor-widget elementor-widget-bridge_image_with_text_over\" data-id=\"d963be7\" data-element_type=\"widget\" data-e-type=\"widget\" data-widget_type=\"bridge_image_with_text_over.default\">\n\t\t\t\t<div class=\"elementor-widget-container\">\n\t\t\t\t\t<div class=\"q_image_with_text_over q_iwto_hover\"><div class=\"shader\" style = \"background-color: #FFFFFF00\"><\/div><div class=\"shader_hover\" style=\"background-color: #020101D1\"><\/div><img decoding=\"async\" itemprop=\"image\" src=\"https:\/\/www.ar-architectes.com\/wp-content\/uploads\/2023\/10\/CONSTRUCTION-BOIS-2008-09-10.jpg\" alt=\"\" \/><div class=\"text\"><table><tr><td><h2 class=\"caption no_icon\" style=\"color: #000000;\"><\/h2><\/td><\/tr><\/table><table><tr><td><div class=\"desc\"><p class=\"p1\">Claye Souilly (78) en 2008, de Asni\u00e8res-sur-Oise (95) en 2009, maison en bois \u00e0 Thomery (77) en 2010.<\/p><\/div><\/td><\/tr><\/table><\/div><\/div>\t\t\t\t<\/div>\n\t\t\t\t<\/div>\n\t\t\t\t<\/div>\n\t\t\t\t\t<\/div>\n\t\t\t\t<\/div>\n\t\t<div class=\"elementor-element elementor-element-e221f50 e-flex e-con-boxed e-con e-parent\" data-id=\"e221f50\" data-element_type=\"container\" data-e-type=\"container\">\n\t\t\t\t\t<div class=\"e-con-inner\">\n\t\t\t\t<div class=\"elementor-element elementor-element-8322ba1 elementor-widget elementor-widget-heading\" data-id=\"8322ba1\" data-element_type=\"widget\" data-e-type=\"widget\" data-widget_type=\"heading.default\">\n\t\t\t\t<div class=\"elementor-widget-container\">\n\t\t\t\t\t<p class=\"elementor-heading-title elementor-size-default\">Dossier de presse et cahier des r\u00e9f\u00e9rences<\/p>\t\t\t\t<\/div>\n\t\t\t\t<\/div>\n\t\t\t\t\t<\/div>\n\t\t\t\t<\/div>\n\t\t<div class=\"elementor-element elementor-element-ca9c211 e-flex e-con-boxed e-con e-parent\" data-id=\"ca9c211\" data-element_type=\"container\" data-e-type=\"container\">\n\t\t\t\t\t<div class=\"e-con-inner\">\n\t\t<div class=\"elementor-element elementor-element-4dcd8bc e-con-full e-flex e-con e-child\" data-id=\"4dcd8bc\" data-element_type=\"container\" data-e-type=\"container\">\n\t\t\t\t<div class=\"elementor-element elementor-element-a0af913 elementor-widget elementor-widget-image\" data-id=\"a0af913\" data-element_type=\"widget\" data-e-type=\"widget\" data-widget_type=\"image.default\">\n\t\t\t\t<div class=\"elementor-widget-container\">\n\t\t\t\t\t\t\t\t\t\t\t\t<figure class=\"wp-caption\">\n\t\t\t\t\t\t\t\t\t\t\t<a href=\"https:\/\/www.ar-architectes.com\/wp-content\/uploads\/2023\/10\/AR_DOSSIER-PRESSE.pdf\" target=\"_blank\">\n\t\t\t\t\t\t\t<img decoding=\"async\" width=\"600\" height=\"406\" src=\"https:\/\/www.ar-architectes.com\/wp-content\/uploads\/2023\/10\/AR_DOSSIER-PRESSE-1.jpg\" class=\"attachment-large size-large wp-image-385\" alt=\"\" srcset=\"https:\/\/www.ar-architectes.com\/wp-content\/uploads\/2023\/10\/AR_DOSSIER-PRESSE-1.jpg 600w, https:\/\/www.ar-architectes.com\/wp-content\/uploads\/2023\/10\/AR_DOSSIER-PRESSE-1-300x203.jpg 300w\" sizes=\"(max-width: 600px) 100vw, 600px\" \/>\t\t\t\t\t\t\t\t<\/a>\n\t\t\t\t\t\t\t\t\t\t\t<figcaption class=\"widget-image-caption wp-caption-text\">Cliquez sur l'image pour t\u00e9l\u00e9charger le dossier en PDF<\/figcaption>\n\t\t\t\t\t\t\t\t\t\t<\/figure>\n\t\t\t\t\t\t\t\t\t<\/div>\n\t\t\t\t<\/div>\n\t\t\t\t<div class=\"elementor-element elementor-element-4d09809 elementor-widget elementor-widget-image\" data-id=\"4d09809\" data-element_type=\"widget\" data-e-type=\"widget\" data-widget_type=\"image.default\">\n\t\t\t\t<div class=\"elementor-widget-container\">\n\t\t\t\t\t\t\t\t\t\t\t\t<figure class=\"wp-caption\">\n\t\t\t\t\t\t\t\t\t\t\t<a href=\"https:\/\/www.ar-architectes.com\/wp-content\/uploads\/2023\/12\/AR_DOSSIER-DE-REFERENCES-COMPLET-sans-CV_211123.pdf\" target=\"_blank\">\n\t\t\t\t\t\t\t<img loading=\"lazy\" decoding=\"async\" width=\"1024\" height=\"726\" src=\"https:\/\/www.ar-architectes.com\/wp-content\/uploads\/2023\/12\/Capture-decran-2023-12-21-a-14.23.56-1024x726.png\" class=\"attachment-large size-large wp-image-3722\" alt=\"\" srcset=\"https:\/\/www.ar-architectes.com\/wp-content\/uploads\/2023\/12\/Capture-decran-2023-12-21-a-14.23.56-1024x726.png 1024w, https:\/\/www.ar-architectes.com\/wp-content\/uploads\/2023\/12\/Capture-decran-2023-12-21-a-14.23.56-300x213.png 300w, https:\/\/www.ar-architectes.com\/wp-content\/uploads\/2023\/12\/Capture-decran-2023-12-21-a-14.23.56-768x545.png 768w, https:\/\/www.ar-architectes.com\/wp-content\/uploads\/2023\/12\/Capture-decran-2023-12-21-a-14.23.56-1536x1089.png 1536w, https:\/\/www.ar-architectes.com\/wp-content\/uploads\/2023\/12\/Capture-decran-2023-12-21-a-14.23.56-2048x1452.png 2048w, https:\/\/www.ar-architectes.com\/wp-content\/uploads\/2023\/12\/Capture-decran-2023-12-21-a-14.23.56-700x496.png 700w\" sizes=\"(max-width: 1024px) 100vw, 1024px\" \/>\t\t\t\t\t\t\t\t<\/a>\n\t\t\t\t\t\t\t\t\t\t\t<figcaption class=\"widget-image-caption wp-caption-text\">Cliquez sur l'image pour t\u00e9l\u00e9charger le dossier en PDF<\/figcaption>\n\t\t\t\t\t\t\t\t\t\t<\/figure>\n\t\t\t\t\t\t\t\t\t<\/div>\n\t\t\t\t<\/div>\n\t\t\t\t<\/div>\n\t\t<div class=\"elementor-element elementor-element-623eb94 e-con-full e-flex e-con e-child\" data-id=\"623eb94\" data-element_type=\"container\" data-e-type=\"container\">\n\t\t\t\t<\/div>\n\t\t\t\t\t<\/div>\n\t\t\t\t<\/div>\n\t\t\t\t<\/div>\n\t\t","protected":false},"excerpt":{"rendered":"<p>\u00c0 propos d&rsquo;AR ARCHITECTES AR ARCHITECTES est une agence d\u2019architecture fran\u00e7aise et internationale bas\u00e9e \u00e0 Paris, fond\u00e9e en 2003 par Ruba ALABED, Architecte DESA, D\u00e9l\u00e9gu\u00e9e G\u00e9n\u00e9rale du Club ADEME International et Conseill\u00e8re du Commerce Ext\u00e9rieur de la France. L\u2019agence poursuit une d\u00e9marche o\u00f9 la nature,&#8230;<\/p>\n","protected":false},"author":1,"featured_media":0,"parent":0,"menu_order":0,"comment_status":"closed","ping_status":"closed","template":"","meta":{"_monsterinsights_skip_tracking":false,"_monsterinsights_sitenote_active":false,"_monsterinsights_sitenote_note":"","_monsterinsights_sitenote_category":0,"footnotes":""},"class_list":["post-16","page","type-page","status-publish","hentry"],"_links":{"self":[{"href":"https:\/\/www.ar-architectes.com\/fr\/wp-json\/wp\/v2\/pages\/16","targetHints":{"allow":["GET"]}}],"collection":[{"href":"https:\/\/www.ar-architectes.com\/fr\/wp-json\/wp\/v2\/pages"}],"about":[{"href":"https:\/\/www.ar-architectes.com\/fr\/wp-json\/wp\/v2\/types\/page"}],"author":[{"embeddable":true,"href":"https:\/\/www.ar-architectes.com\/fr\/wp-json\/wp\/v2\/users\/1"}],"replies":[{"embeddable":true,"href":"https:\/\/www.ar-architectes.com\/fr\/wp-json\/wp\/v2\/comments?post=16"}],"version-history":[{"count":162,"href":"https:\/\/www.ar-architectes.com\/fr\/wp-json\/wp\/v2\/pages\/16\/revisions"}],"predecessor-version":[{"id":6209,"href":"https:\/\/www.ar-architectes.com\/fr\/wp-json\/wp\/v2\/pages\/16\/revisions\/6209"}],"wp:attachment":[{"href":"https:\/\/www.ar-architectes.com\/fr\/wp-json\/wp\/v2\/media?parent=16"}],"curies":[{"name":"wp","href":"https:\/\/api.w.org\/{rel}","templated":true}]}}