{"id":834,"date":"2023-10-26T19:51:17","date_gmt":"2023-10-26T19:51:17","guid":{"rendered":"https:\/\/www.ar-architectes.com\/?page_id=834"},"modified":"2024-02-05T11:26:43","modified_gmt":"2024-02-05T11:26:43","slug":"activites","status":"publish","type":"page","link":"https:\/\/www.ar-architectes.com\/fr\/activites\/","title":{"rendered":"Nos march\u00e9s"},"content":{"rendered":"\t\t<div data-elementor-type=\"wp-page\" data-elementor-id=\"834\" class=\"elementor elementor-834\">\n\t\t\t\t<div class=\"elementor-element elementor-element-50dc69a e-flex e-con-boxed e-con e-parent\" data-id=\"50dc69a\" data-element_type=\"container\" data-e-type=\"container\" data-settings=\"{&quot;background_background&quot;:&quot;gradient&quot;}\">\n\t\t\t\t\t<div class=\"e-con-inner\">\n\t\t\t\t<div class=\"elementor-element elementor-element-7a6f187 elementor-widget elementor-widget-text-editor\" data-id=\"7a6f187\" data-element_type=\"widget\" data-e-type=\"widget\" data-widget_type=\"text-editor.default\">\n\t\t\t\t<div class=\"elementor-widget-container\">\n\t\t\t\t\t\t\t\t\t<p>AR ARCHITECTES travaille main dans la main avec les ma\u00eetres d\u2019ouvrages et leur propose de les accompagner pour la r\u00e9alisation d\u2019\u00e9tudes de faisabilit\u00e9s techniques, architecturales, urbaines et environnementales de leurs projets <strong>sur simple consultation<\/strong>. Notre exp\u00e9rience vous assurera une ma\u00eetrise de votre projet, des co\u00fbts et du planning des travaux, ce suivant une approche vous <strong>facilitant l\u2019aide \u00e0 la d\u00e9cision<\/strong>.<\/p><p>\u00a0<\/p><p>AR ARCHITECTES vous propose de vous accompagner afin de visiter des projets innovants r\u00e9alis\u00e9s en mode \u00ab\u00a0<strong>chantiers t\u00e9moins<\/strong>\u00a0\u00bb afin de visualiser des techniques de construction alternatives, d\u2019\u00e9changer avec les usagers de ces projets et d\u2019obtenir leurs retours d\u2019exp\u00e9rience.<\/p>\t\t\t\t\t\t\t\t<\/div>\n\t\t\t\t<\/div>\n\t\t\t\t\t<\/div>\n\t\t\t\t<\/div>\n\t\t<div class=\"elementor-element elementor-element-22f4d78 e-flex e-con-boxed e-con e-parent\" data-id=\"22f4d78\" data-element_type=\"container\" data-e-type=\"container\">\n\t\t\t\t\t<div class=\"e-con-inner\">\n\t\t\t\t<div class=\"elementor-element elementor-element-0b4421d elementor-widget elementor-widget-heading\" data-id=\"0b4421d\" data-element_type=\"widget\" data-e-type=\"widget\" data-widget_type=\"heading.default\">\n\t\t\t\t<div class=\"elementor-widget-container\">\n\t\t\t\t\t<h2 class=\"elementor-heading-title elementor-size-default\">March\u00e9s Publics<\/h2>\t\t\t\t<\/div>\n\t\t\t\t<\/div>\n\t\t\t\t\t<\/div>\n\t\t\t\t<\/div>\n\t\t<div class=\"elementor-element elementor-element-4cf5bb9 e-flex e-con-boxed e-con e-parent\" data-id=\"4cf5bb9\" data-element_type=\"container\" data-e-type=\"container\">\n\t\t\t\t\t<div class=\"e-con-inner\">\n\t\t<div class=\"elementor-element elementor-element-f768117 e-con-full e-flex e-con e-child\" data-id=\"f768117\" data-element_type=\"container\" data-e-type=\"container\">\n\t\t\t\t<div class=\"elementor-element elementor-element-0ee1563 elementor-widget elementor-widget-text-editor\" data-id=\"0ee1563\" data-element_type=\"widget\" data-e-type=\"widget\" data-widget_type=\"text-editor.default\">\n\t\t\t\t<div class=\"elementor-widget-container\">\n\t\t\t\t\t\t\t\t\t<p><b>Assistance \u00e0 ma\u00eetrise d\u2019ouvrage<\/b><span style=\"font-weight: 400;\"> architecturale paysag\u00e8re et environnementale bas carbone,\u00a0 <\/span><b>Conseil<\/b><span style=\"font-weight: 400;\"> et <\/span><b>\u00e9tudes de faisabilit\u00e9.<\/b><\/p>\t\t\t\t\t\t\t\t<\/div>\n\t\t\t\t<\/div>\n\t\t\t\t<\/div>\n\t\t<div class=\"elementor-element elementor-element-d5a902d e-con-full e-flex e-con e-child\" data-id=\"d5a902d\" data-element_type=\"container\" data-e-type=\"container\">\n\t\t\t\t<div class=\"elementor-element elementor-element-07dcfad elementor-widget elementor-widget-text-editor\" data-id=\"07dcfad\" data-element_type=\"widget\" data-e-type=\"widget\" data-widget_type=\"text-editor.default\">\n\t\t\t\t<div class=\"elementor-widget-container\">\n\t\t\t\t\t\t\t\t\t<p><span style=\"font-weight: 400;\">\u00c9quipements publics, \u00c9tudes environnementales, Ambassades, B\u00e2timents industriels\u2026<\/span><\/p>\t\t\t\t\t\t\t\t<\/div>\n\t\t\t\t<\/div>\n\t\t\t\t<\/div>\n\t\t\t\t\t<\/div>\n\t\t\t\t<\/div>\n\t\t<div class=\"elementor-element elementor-element-096e688 e-flex e-con-boxed e-con e-parent\" data-id=\"096e688\" data-element_type=\"container\" data-e-type=\"container\">\n\t\t\t\t\t<div class=\"e-con-inner\">\n\t\t<div class=\"elementor-element elementor-element-ce41bc5 e-con-full e-flex e-con e-child\" data-id=\"ce41bc5\" data-element_type=\"container\" data-e-type=\"container\">\n\t\t\t\t<div class=\"elementor-element elementor-element-e657f5d elementor-widget elementor-widget-text-editor\" data-id=\"e657f5d\" data-element_type=\"widget\" data-e-type=\"widget\" data-widget_type=\"text-editor.default\">\n\t\t\t\t<div class=\"elementor-widget-container\">\n\t\t\t\t\t\t\t\t\t<p><b>\u00c9co-Construction b\u00e2timent neuf<\/b><span style=\"font-weight: 400;\"> : en ma\u00eetrise d\u2019\u0153uvre compl\u00e8te (\u00e9tudes et suivi des travaux).<\/span><\/p>\t\t\t\t\t\t\t\t<\/div>\n\t\t\t\t<\/div>\n\t\t\t\t<\/div>\n\t\t<div class=\"elementor-element elementor-element-ad10d30 e-con-full e-flex e-con e-child\" data-id=\"ad10d30\" data-element_type=\"container\" data-e-type=\"container\">\n\t\t\t\t<div class=\"elementor-element elementor-element-d1cd413 elementor-widget elementor-widget-text-editor\" data-id=\"d1cd413\" data-element_type=\"widget\" data-e-type=\"widget\" data-widget_type=\"text-editor.default\">\n\t\t\t\t<div class=\"elementor-widget-container\">\n\t\t\t\t\t\t\t\t\t<p><span style=\"font-weight: 400;\">B\u00e2timents tertiaires publics : Centres Administratifs, Ambassades, Centres Techniques Municipaux, D\u00e9chetteries, Centres de m\u00e9thanisation, b\u00e2timents techniques d\u2019exploitation, Stations d\u2019\u00e9puration, usines d\u2019eau potable et ERP (\u00e9tablissements scolaires).<\/span><\/p>\t\t\t\t\t\t\t\t<\/div>\n\t\t\t\t<\/div>\n\t\t\t\t<\/div>\n\t\t\t\t\t<\/div>\n\t\t\t\t<\/div>\n\t\t<div class=\"elementor-element elementor-element-8195b51 e-flex e-con-boxed e-con e-parent\" data-id=\"8195b51\" data-element_type=\"container\" data-e-type=\"container\" data-settings=\"{&quot;background_background&quot;:&quot;classic&quot;}\">\n\t\t\t\t\t<div class=\"e-con-inner\">\n\t\t<div class=\"elementor-element elementor-element-01d5c6c e-con-full e-flex e-con e-child\" data-id=\"01d5c6c\" data-element_type=\"container\" data-e-type=\"container\">\n\t\t\t\t<div class=\"elementor-element elementor-element-937d991 elementor-widget elementor-widget-text-editor\" data-id=\"937d991\" data-element_type=\"widget\" data-e-type=\"widget\" data-widget_type=\"text-editor.default\">\n\t\t\t\t<div class=\"elementor-widget-container\">\n\t\t\t\t\t\t\t\t\t<p><b>\u00c9co-R\u00e9novation de b\u00e2timent existant<\/b><span style=\"font-weight: 400;\"> : en ma\u00eetrise d\u2019\u0153uvre compl\u00e8te (\u00e9tudes et suivi des travaux)<\/span> <span style=\"font-weight: 400;\">soit en MGP (march\u00e9 global de performance).<\/span><\/p>\t\t\t\t\t\t\t\t<\/div>\n\t\t\t\t<\/div>\n\t\t\t\t<\/div>\n\t\t<div class=\"elementor-element elementor-element-a9c9ec5 e-con-full e-flex e-con e-child\" data-id=\"a9c9ec5\" data-element_type=\"container\" data-e-type=\"container\">\n\t\t\t\t<div class=\"elementor-element elementor-element-c92bb9a elementor-widget elementor-widget-text-editor\" data-id=\"c92bb9a\" data-element_type=\"widget\" data-e-type=\"widget\" data-widget_type=\"text-editor.default\">\n\t\t\t\t<div class=\"elementor-widget-container\">\n\t\t\t\t\t\t\t\t\t<p><span style=\"font-weight: 400;\">R\u00e9novation thermique et \u00e9nerg\u00e9tique, mise en conformit\u00e9 tout handicaps, r\u00e9novation lourde des ERP : \u00c9quipements d\u2019enseignement sup\u00e9rieur, \u00e9quipements h\u00f4teliers, bureaux, b\u00e2timents tertiaires, b\u00e2timents municipaux, logements sociaux.<\/span><\/p>\t\t\t\t\t\t\t\t<\/div>\n\t\t\t\t<\/div>\n\t\t\t\t<\/div>\n\t\t\t\t\t<\/div>\n\t\t\t\t<\/div>\n\t\t<div class=\"elementor-element elementor-element-93019d8 e-flex e-con-boxed e-con e-parent\" data-id=\"93019d8\" data-element_type=\"container\" data-e-type=\"container\" data-settings=\"{&quot;background_background&quot;:&quot;classic&quot;}\">\n\t\t\t\t\t<div class=\"e-con-inner\">\n\t\t<div class=\"elementor-element elementor-element-8b21025 e-con-full e-flex e-con e-child\" data-id=\"8b21025\" data-element_type=\"container\" data-e-type=\"container\">\n\t\t\t\t<div class=\"elementor-element elementor-element-4955ba8 elementor-widget elementor-widget-text-editor\" data-id=\"4955ba8\" data-element_type=\"widget\" data-e-type=\"widget\" data-widget_type=\"text-editor.default\">\n\t\t\t\t<div class=\"elementor-widget-container\">\n\t\t\t\t\t\t\t\t\t<p><b>\u00c9co-Am\u00e9nagements urbains et\/ou paysagers<\/b><span style=\"font-weight: 400;\"> : en ma\u00eetrise d\u2019\u0153uvre compl\u00e8te (\u00e9tudes et suivi des travaux).<\/span><\/p>\t\t\t\t\t\t\t\t<\/div>\n\t\t\t\t<\/div>\n\t\t\t\t<\/div>\n\t\t<div class=\"elementor-element elementor-element-33f0c1e e-con-full e-flex e-con e-child\" data-id=\"33f0c1e\" data-element_type=\"container\" data-e-type=\"container\">\n\t\t\t\t<div class=\"elementor-element elementor-element-7eee6c0 elementor-widget elementor-widget-text-editor\" data-id=\"7eee6c0\" data-element_type=\"widget\" data-e-type=\"widget\" data-widget_type=\"text-editor.default\">\n\t\t\t\t<div class=\"elementor-widget-container\">\n\t\t\t\t\t\t\t\t\t<p><span style=\"font-weight: 400;\">Stations d\u2019\u00e9puration par phyto\u00e9puration (filtration par les plantes), Am\u00e9nagements de parkings, Parcs paysagers, cr\u00e9ation de noues v\u00e9g\u00e9talis\u00e9es, \u00c9coquartiers\u2026<\/span><\/p>\t\t\t\t\t\t\t\t<\/div>\n\t\t\t\t<\/div>\n\t\t\t\t<\/div>\n\t\t\t\t\t<\/div>\n\t\t\t\t<\/div>\n\t\t<div class=\"elementor-element elementor-element-29a2f11 e-flex e-con-boxed e-con e-parent\" data-id=\"29a2f11\" data-element_type=\"container\" data-e-type=\"container\">\n\t\t\t\t\t<div class=\"e-con-inner\">\n\t\t\t\t<div class=\"elementor-element elementor-element-eb43a3b elementor-widget elementor-widget-heading\" data-id=\"eb43a3b\" data-element_type=\"widget\" data-e-type=\"widget\" data-widget_type=\"heading.default\">\n\t\t\t\t<div class=\"elementor-widget-container\">\n\t\t\t\t\t<h2 class=\"elementor-heading-title elementor-size-default\">March\u00e9s Priv\u00e9s<\/h2>\t\t\t\t<\/div>\n\t\t\t\t<\/div>\n\t\t\t\t\t<\/div>\n\t\t\t\t<\/div>\n\t\t<div class=\"elementor-element elementor-element-62ca10f e-flex e-con-boxed e-con e-parent\" data-id=\"62ca10f\" data-element_type=\"container\" data-e-type=\"container\">\n\t\t\t\t\t<div class=\"e-con-inner\">\n\t\t<div class=\"elementor-element elementor-element-39596d1 e-con-full e-flex e-con e-child\" data-id=\"39596d1\" data-element_type=\"container\" data-e-type=\"container\">\n\t\t\t\t<div class=\"elementor-element elementor-element-58bf100 elementor-widget elementor-widget-text-editor\" data-id=\"58bf100\" data-element_type=\"widget\" data-e-type=\"widget\" data-widget_type=\"text-editor.default\">\n\t\t\t\t<div class=\"elementor-widget-container\">\n\t\t\t\t\t\t\t\t\t<p><b>\u00c9tudes de faisabilit\u00e9 pour de la construction neuve.<\/b><\/p>\t\t\t\t\t\t\t\t<\/div>\n\t\t\t\t<\/div>\n\t\t\t\t<\/div>\n\t\t<div class=\"elementor-element elementor-element-f0814f2 e-con-full e-flex e-con e-child\" data-id=\"f0814f2\" data-element_type=\"container\" data-e-type=\"container\">\n\t\t\t\t<div class=\"elementor-element elementor-element-54f9a1f elementor-widget elementor-widget-text-editor\" data-id=\"54f9a1f\" data-element_type=\"widget\" data-e-type=\"widget\" data-widget_type=\"text-editor.default\">\n\t\t\t\t<div class=\"elementor-widget-container\">\n\t\t\t\t\t\t\t\t\t<p><span style=\"font-weight: 400;\">B\u00e2timents industriels, logements, bureaux, \u00e9quipements h\u00f4teliers&#8230;<\/span><\/p>\t\t\t\t\t\t\t\t<\/div>\n\t\t\t\t<\/div>\n\t\t\t\t<\/div>\n\t\t\t\t\t<\/div>\n\t\t\t\t<\/div>\n\t\t<div class=\"elementor-element elementor-element-85ab65b e-flex e-con-boxed e-con e-parent\" data-id=\"85ab65b\" data-element_type=\"container\" data-e-type=\"container\">\n\t\t\t\t\t<div class=\"e-con-inner\">\n\t\t<div class=\"elementor-element elementor-element-91cc893 e-con-full e-flex e-con e-child\" data-id=\"91cc893\" data-element_type=\"container\" data-e-type=\"container\">\n\t\t\t\t<div class=\"elementor-element elementor-element-d38b26e elementor-widget elementor-widget-text-editor\" data-id=\"d38b26e\" data-element_type=\"widget\" data-e-type=\"widget\" data-widget_type=\"text-editor.default\">\n\t\t\t\t<div class=\"elementor-widget-container\">\n\t\t\t\t\t\t\t\t\t<p><b>\u00c9tudes de faisabilit\u00e9 pour de la r\u00e9habilitation<\/b><span style=\"font-weight: 400;\"> environnementale bas carbone ou<\/span> <span style=\"font-weight: 400;\">changement d\u2019affectation.<\/span><\/p>\t\t\t\t\t\t\t\t<\/div>\n\t\t\t\t<\/div>\n\t\t\t\t<\/div>\n\t\t<div class=\"elementor-element elementor-element-3db7baf e-con-full e-flex e-con e-child\" data-id=\"3db7baf\" data-element_type=\"container\" data-e-type=\"container\">\n\t\t\t\t<div class=\"elementor-element elementor-element-982d1ce elementor-widget elementor-widget-text-editor\" data-id=\"982d1ce\" data-element_type=\"widget\" data-e-type=\"widget\" data-widget_type=\"text-editor.default\">\n\t\t\t\t<div class=\"elementor-widget-container\">\n\t\t\t\t\t\t\t\t\t<p><span style=\"font-weight: 400;\">B\u00e2timents industriels, logements, bureaux, \u00e9quipements h\u00f4teliers&#8230;<\/span><\/p>\t\t\t\t\t\t\t\t<\/div>\n\t\t\t\t<\/div>\n\t\t\t\t<\/div>\n\t\t\t\t\t<\/div>\n\t\t\t\t<\/div>\n\t\t<div class=\"elementor-element elementor-element-eddbc96 e-flex e-con-boxed e-con e-parent\" data-id=\"eddbc96\" data-element_type=\"container\" data-e-type=\"container\">\n\t\t\t\t\t<div class=\"e-con-inner\">\n\t\t<div class=\"elementor-element elementor-element-7deb492 e-con-full e-flex e-con e-child\" data-id=\"7deb492\" data-element_type=\"container\" data-e-type=\"container\">\n\t\t\t\t<div class=\"elementor-element elementor-element-1f6ead1 elementor-widget elementor-widget-text-editor\" data-id=\"1f6ead1\" data-element_type=\"widget\" data-e-type=\"widget\" data-widget_type=\"text-editor.default\">\n\t\t\t\t<div class=\"elementor-widget-container\">\n\t\t\t\t\t\t\t\t\t<p><b>\u00c9co-Construction b\u00e2timent neuf<\/b><span style=\"font-weight: 400;\"> : en ma\u00eetrise d\u2019\u0153uvre compl\u00e8te (\u00e9tudes et suivi des travaux).<\/span><\/p>\t\t\t\t\t\t\t\t<\/div>\n\t\t\t\t<\/div>\n\t\t\t\t<\/div>\n\t\t<div class=\"elementor-element elementor-element-f7f3592 e-con-full e-flex e-con e-child\" data-id=\"f7f3592\" data-element_type=\"container\" data-e-type=\"container\">\n\t\t\t\t<div class=\"elementor-element elementor-element-349c93b elementor-widget elementor-widget-text-editor\" data-id=\"349c93b\" data-element_type=\"widget\" data-e-type=\"widget\" data-widget_type=\"text-editor.default\">\n\t\t\t\t<div class=\"elementor-widget-container\">\n\t\t\t\t\t\t\t\t\t<p><span style=\"font-weight: 400;\">B\u00e2timents tertiaires industriels, zones logistiques, \u00e9tablissements scolaires priv\u00e9s, logements priv\u00e9s ou maisons individuelles bioclimatiques bas carbone\u2026<\/span><\/p>\t\t\t\t\t\t\t\t<\/div>\n\t\t\t\t<\/div>\n\t\t\t\t<\/div>\n\t\t\t\t\t<\/div>\n\t\t\t\t<\/div>\n\t\t<div class=\"elementor-element elementor-element-4a27de7 e-flex e-con-boxed e-con e-parent\" data-id=\"4a27de7\" data-element_type=\"container\" data-e-type=\"container\">\n\t\t\t\t\t<div class=\"e-con-inner\">\n\t\t<div class=\"elementor-element elementor-element-f7a5cba e-con-full e-flex e-con e-child\" data-id=\"f7a5cba\" data-element_type=\"container\" data-e-type=\"container\">\n\t\t\t\t<div class=\"elementor-element elementor-element-2652ba3 elementor-widget elementor-widget-text-editor\" data-id=\"2652ba3\" data-element_type=\"widget\" data-e-type=\"widget\" data-widget_type=\"text-editor.default\">\n\t\t\t\t<div class=\"elementor-widget-container\">\n\t\t\t\t\t\t\t\t\t<p><b>\u00c9co-R\u00e9novation de b\u00e2timent existant<\/b><span style=\"font-weight: 400;\"> : en ma\u00eetrise d\u2019\u0153uvre compl\u00e8te (\u00e9tudes et suivi des travaux).<\/span><\/p>\t\t\t\t\t\t\t\t<\/div>\n\t\t\t\t<\/div>\n\t\t\t\t<\/div>\n\t\t<div class=\"elementor-element elementor-element-626a576 e-con-full e-flex e-con e-child\" data-id=\"626a576\" data-element_type=\"container\" data-e-type=\"container\">\n\t\t\t\t<div class=\"elementor-element elementor-element-4715c20 elementor-widget elementor-widget-text-editor\" data-id=\"4715c20\" data-element_type=\"widget\" data-e-type=\"widget\" data-widget_type=\"text-editor.default\">\n\t\t\t\t<div class=\"elementor-widget-container\">\n\t\t\t\t\t\t\t\t\t<p><span style=\"font-weight: 400;\">B\u00e2timents tertiaires industriels, zones logistiques, \u00e9tablissements scolaires priv\u00e9s, logements priv\u00e9s ou maisons individuelles bioclimatiques bas carbone\u2026<\/span><\/p>\t\t\t\t\t\t\t\t<\/div>\n\t\t\t\t<\/div>\n\t\t\t\t<\/div>\n\t\t\t\t\t<\/div>\n\t\t\t\t<\/div>\n\t\t<div class=\"elementor-element elementor-element-edf8835 e-flex e-con-boxed e-con e-parent\" data-id=\"edf8835\" data-element_type=\"container\" data-e-type=\"container\">\n\t\t\t\t\t<div class=\"e-con-inner\">\n\t\t<div class=\"elementor-element elementor-element-57491ac e-con-full e-flex e-con e-child\" data-id=\"57491ac\" data-element_type=\"container\" data-e-type=\"container\">\n\t\t\t\t<div class=\"elementor-element elementor-element-27f1fb3 elementor-widget elementor-widget-text-editor\" data-id=\"27f1fb3\" data-element_type=\"widget\" data-e-type=\"widget\" data-widget_type=\"text-editor.default\">\n\t\t\t\t<div class=\"elementor-widget-container\">\n\t\t\t\t\t\t\t\t\t<p><b>\u00c9co-Am\u00e9nagements urbains et\/ou paysagers<\/b><span style=\"font-weight: 400;\"> : en ma\u00eetrise d\u2019\u0153uvre compl\u00e8te (\u00e9tudes et suivi des travaux).<\/span><\/p>\t\t\t\t\t\t\t\t<\/div>\n\t\t\t\t<\/div>\n\t\t\t\t<\/div>\n\t\t<div class=\"elementor-element elementor-element-5f734c5 e-con-full e-flex e-con e-child\" data-id=\"5f734c5\" data-element_type=\"container\" data-e-type=\"container\">\n\t\t\t\t<div class=\"elementor-element elementor-element-5b9cc44 elementor-widget elementor-widget-text-editor\" data-id=\"5b9cc44\" data-element_type=\"widget\" data-e-type=\"widget\" data-widget_type=\"text-editor.default\">\n\t\t\t\t<div class=\"elementor-widget-container\">\n\t\t\t\t\t\t\t\t\t<p><span style=\"font-weight: 400;\">Am\u00e9nagements de parkings, Parcs paysagers, cr\u00e9ation de noues v\u00e9g\u00e9talis\u00e9es\u2026<\/span><\/p>\t\t\t\t\t\t\t\t<\/div>\n\t\t\t\t<\/div>\n\t\t\t\t<\/div>\n\t\t\t\t\t<\/div>\n\t\t\t\t<\/div>\n\t\t\t\t<\/div>\n\t\t","protected":false},"excerpt":{"rendered":"<p>AR ARCHITECTES travaille main dans la main avec les ma\u00eetres d\u2019ouvrages et leur propose de les accompagner pour la r\u00e9alisation d\u2019\u00e9tudes de faisabilit\u00e9s techniques, architecturales, urbaines et environnementales de leurs projets sur simple consultation. Notre exp\u00e9rience vous assurera une ma\u00eetrise de votre projet, des co\u00fbts&#8230;<\/p>\n","protected":false},"author":1,"featured_media":0,"parent":0,"menu_order":0,"comment_status":"closed","ping_status":"closed","template":"","meta":{"_monsterinsights_skip_tracking":false,"_monsterinsights_sitenote_active":false,"_monsterinsights_sitenote_note":"","_monsterinsights_sitenote_category":0,"footnotes":""},"class_list":["post-834","page","type-page","status-publish","hentry"],"_links":{"self":[{"href":"https:\/\/www.ar-architectes.com\/fr\/wp-json\/wp\/v2\/pages\/834","targetHints":{"allow":["GET"]}}],"collection":[{"href":"https:\/\/www.ar-architectes.com\/fr\/wp-json\/wp\/v2\/pages"}],"about":[{"href":"https:\/\/www.ar-architectes.com\/fr\/wp-json\/wp\/v2\/types\/page"}],"author":[{"embeddable":true,"href":"https:\/\/www.ar-architectes.com\/fr\/wp-json\/wp\/v2\/users\/1"}],"replies":[{"embeddable":true,"href":"https:\/\/www.ar-architectes.com\/fr\/wp-json\/wp\/v2\/comments?post=834"}],"version-history":[{"count":57,"href":"https:\/\/www.ar-architectes.com\/fr\/wp-json\/wp\/v2\/pages\/834\/revisions"}],"predecessor-version":[{"id":4159,"href":"https:\/\/www.ar-architectes.com\/fr\/wp-json\/wp\/v2\/pages\/834\/revisions\/4159"}],"wp:attachment":[{"href":"https:\/\/www.ar-architectes.com\/fr\/wp-json\/wp\/v2\/media?parent=834"}],"curies":[{"name":"wp","href":"https:\/\/api.w.org\/{rel}","templated":true}]}}