{"id":842,"date":"2023-10-26T19:55:49","date_gmt":"2023-10-26T19:55:49","guid":{"rendered":"https:\/\/www.ar-architectes.com\/?page_id=842"},"modified":"2024-02-05T11:27:17","modified_gmt":"2024-02-05T11:27:17","slug":"associations","status":"publish","type":"page","link":"https:\/\/www.ar-architectes.com\/fr\/associations\/","title":{"rendered":"Associations"},"content":{"rendered":"\t\t<div data-elementor-type=\"wp-page\" data-elementor-id=\"842\" class=\"elementor elementor-842\">\n\t\t\t\t<div class=\"elementor-element elementor-element-440a09a e-flex e-con-boxed e-con e-parent\" data-id=\"440a09a\" data-element_type=\"container\" data-e-type=\"container\">\n\t\t\t\t\t<div class=\"e-con-inner\">\n\t\t\t\t<div class=\"elementor-element elementor-element-458a629 elementor-widget elementor-widget-heading\" data-id=\"458a629\" data-element_type=\"widget\" data-e-type=\"widget\" data-widget_type=\"heading.default\">\n\t\t\t\t<div class=\"elementor-widget-container\">\n\t\t\t\t\t<p class=\"elementor-heading-title elementor-size-default\">Associations et cercles professionnels<\/p>\t\t\t\t<\/div>\n\t\t\t\t<\/div>\n\t\t\t\t\t<\/div>\n\t\t\t\t<\/div>\n\t\t<div class=\"elementor-element elementor-element-8b3c32b e-flex e-con-boxed e-con e-parent\" data-id=\"8b3c32b\" data-element_type=\"container\" data-e-type=\"container\">\n\t\t\t\t\t<div class=\"e-con-inner\">\n\t\t\t\t<div class=\"elementor-element elementor-element-d7dbdb4 elementor-widget elementor-widget-text-editor\" data-id=\"d7dbdb4\" data-element_type=\"widget\" data-e-type=\"widget\" data-widget_type=\"text-editor.default\">\n\t\t\t\t<div class=\"elementor-widget-container\">\n\t\t\t\t\t\t\t\t\t<p>AR ARCHITECTES est <strong>membre actif de plusieurs associations environnementales<\/strong> et participe \u00e0 des colloques et des conf\u00e9rences apportant son savoir-faire en d\u00e9marche HQE\u00ae dans la construction, la r\u00e9novation du patrimoine existant et l\u2019am\u00e9nagement paysager visant l\u2019int\u00e9gration des b\u00e2timents dans leur environnement et la pr\u00e9servation des ressources naturelles et de la biodiversit\u00e9.<\/p><p>Ces groupes d\u2019\u00e9changes offrent une r\u00e9elle mutualisation des informations permettant de catalyser l\u2019\u00e9volution des mentalit\u00e9s face aux enjeux actuels.<\/p><p>Mme Ruba ALABED, architecte fondatrice de AR ARCHITECTES nomm\u00e9e <strong>D\u00e9l\u00e9gu\u00e9e G\u00e9n\u00e9rale du Club ADEME International <\/strong>depuis juin 2023 (Agence de la transition \u00e9cologique), met \u00e0 la disposition du <strong>Club ADEME International<\/strong> son expertise et son engagement pour :<\/p><ul><li><strong>Aider les entreprises fran\u00e7aises du Club ADEME International \u00e0 r\u00e9ussir \u00e0 l&rsquo;export dans tous leurs domaines de comp\u00e9tences<\/strong> : SmartCity\/Smart Grid, efficacit\u00e9 \u00e9nerg\u00e9tique, Enr, \u00e9conomie circulaire, gestion durable de l\u2019eau, mat\u00e9riaux biosourc\u00e9s, qualit\u00e9 de l\u2019air, gestion des d\u00e9chets, restauration et la protection de la biodiversit\u00e9\u2026<\/li><li>Prodiguer des conseils en mati\u00e8re de <strong>dispositifs de financement et accompagnement des entreprises fran\u00e7aises \u00e0 l\u2019International<\/strong>.<\/li><li>Prodiguer des conseils en mati\u00e8re de <strong>communication et de valorisation des actions prospectives du Club ADEME International<\/strong>\u00a0\u00e0 travers ses comp\u00e9tences d\u2019architecte (fonctionnement en mode projet) ;<br \/><br \/><\/li><\/ul><p><img fetchpriority=\"high\" decoding=\"async\" class=\"alignright size-full wp-image-1725\" src=\"https:\/\/www.ar-architectes.com\/wp-content\/uploads\/2023\/12\/Photo-de-groupe-CAI-2023.jpg\" alt=\"\" width=\"1929\" height=\"924\" srcset=\"https:\/\/www.ar-architectes.com\/wp-content\/uploads\/2023\/12\/Photo-de-groupe-CAI-2023.jpg 1929w, https:\/\/www.ar-architectes.com\/wp-content\/uploads\/2023\/12\/Photo-de-groupe-CAI-2023-300x144.jpg 300w, https:\/\/www.ar-architectes.com\/wp-content\/uploads\/2023\/12\/Photo-de-groupe-CAI-2023-1024x491.jpg 1024w, https:\/\/www.ar-architectes.com\/wp-content\/uploads\/2023\/12\/Photo-de-groupe-CAI-2023-768x368.jpg 768w, https:\/\/www.ar-architectes.com\/wp-content\/uploads\/2023\/12\/Photo-de-groupe-CAI-2023-1536x736.jpg 1536w, https:\/\/www.ar-architectes.com\/wp-content\/uploads\/2023\/12\/Photo-de-groupe-CAI-2023-700x335.jpg 700w\" sizes=\"(max-width: 1929px) 100vw, 1929px\" \/><\/p><p>Mme Ruba ALABED est \u00e9galement <strong>Conseill\u00e8re du Commerce Ext\u00e9rieur de la France<\/strong> et membre du comit\u00e9 de Paris et du groupe d\u2019expertise \u00ab\u00a0Climate Change\u00a0\u00bb en aide aux pouvoirs publics. De plus, elle intervient dans les \u00e9coles de commerce dans les classes de niveau Master 2 en lien avec la commission \u00ab\u00a0Formation des Jeunes \u00e0 l\u2019International\u00a0\u00bb. Enfin, elle accompagne des entreprises \u00e0 l\u2019export dans le cadre de la commission \u00ab\u00a0Mentoring\u00a0\u00bb pour de jeunes entrepreneurs.<\/p>\t\t\t\t\t\t\t\t<\/div>\n\t\t\t\t<\/div>\n\t\t\t\t\t<\/div>\n\t\t\t\t<\/div>\n\t\t<div class=\"elementor-element elementor-element-a493b64 e-flex e-con-boxed e-con e-parent\" data-id=\"a493b64\" data-element_type=\"container\" data-e-type=\"container\">\n\t\t\t\t\t<div class=\"e-con-inner\">\n\t\t<div class=\"elementor-element elementor-element-128abbd e-con-full e-flex e-con e-child\" data-id=\"128abbd\" data-element_type=\"container\" data-e-type=\"container\">\n\t\t\t\t<div class=\"elementor-element elementor-element-48f23a0 img-associations elementor-widget elementor-widget-image\" data-id=\"48f23a0\" data-element_type=\"widget\" data-e-type=\"widget\" data-widget_type=\"image.default\">\n\t\t\t\t<div class=\"elementor-widget-container\">\n\t\t\t\t\t\t\t\t\t\t\t\t\t\t\t\t<a href=\"https:\/\/clubinternational.ademe.fr\/\">\n\t\t\t\t\t\t\t<img decoding=\"async\" src=\"https:\/\/www.ar-architectes.com\/wp-content\/uploads\/2023\/10\/1.CLUB-ADEME.jpg\" title=\"1.CLUB ADEME\" alt=\"1.CLUB ADEME\" loading=\"lazy\" \/>\t\t\t\t\t\t\t\t<\/a>\n\t\t\t\t\t\t\t\t\t\t\t\t\t\t\t<\/div>\n\t\t\t\t<\/div>\n\t\t\t\t<\/div>\n\t\t<div class=\"elementor-element elementor-element-c805a6f e-con-full e-flex e-con e-child\" data-id=\"c805a6f\" data-element_type=\"container\" data-e-type=\"container\">\n\t\t\t\t<div class=\"elementor-element elementor-element-1f6bd67 img-associations elementor-widget elementor-widget-image\" data-id=\"1f6bd67\" data-element_type=\"widget\" data-e-type=\"widget\" data-widget_type=\"image.default\">\n\t\t\t\t<div class=\"elementor-widget-container\">\n\t\t\t\t\t\t\t\t\t\t\t\t\t\t\t\t<a href=\"https:\/\/www.cnccef.org\/\">\n\t\t\t\t\t\t\t<img decoding=\"async\" width=\"757\" height=\"356\" src=\"https:\/\/www.ar-architectes.com\/wp-content\/uploads\/2023\/10\/2.CONSEILLERS-COMMERCES-EXTERIEURS.jpg\" class=\"attachment-full size-full wp-image-309\" alt=\"\" srcset=\"https:\/\/www.ar-architectes.com\/wp-content\/uploads\/2023\/10\/2.CONSEILLERS-COMMERCES-EXTERIEURS.jpg 757w, https:\/\/www.ar-architectes.com\/wp-content\/uploads\/2023\/10\/2.CONSEILLERS-COMMERCES-EXTERIEURS-300x141.jpg 300w, https:\/\/www.ar-architectes.com\/wp-content\/uploads\/2023\/10\/2.CONSEILLERS-COMMERCES-EXTERIEURS-700x329.jpg 700w\" sizes=\"(max-width: 757px) 100vw, 757px\" \/>\t\t\t\t\t\t\t\t<\/a>\n\t\t\t\t\t\t\t\t\t\t\t\t\t\t\t<\/div>\n\t\t\t\t<\/div>\n\t\t\t\t<\/div>\n\t\t<div class=\"elementor-element elementor-element-7b0b554 e-con-full e-flex e-con e-child\" data-id=\"7b0b554\" data-element_type=\"container\" data-e-type=\"container\">\n\t\t\t\t<div class=\"elementor-element elementor-element-668b2c8 img-associations elementor-widget elementor-widget-image\" data-id=\"668b2c8\" data-element_type=\"widget\" data-e-type=\"widget\" data-widget_type=\"image.default\">\n\t\t\t\t<div class=\"elementor-widget-container\">\n\t\t\t\t\t\t\t\t\t\t\t\t\t\t\t\t<a href=\"https:\/\/www.hqegbc.org\/qui-sommes-nous-alliance-hqe-gbc\/la-certification-hqe\/\">\n\t\t\t\t\t\t\t<img decoding=\"async\" width=\"594\" height=\"280\" src=\"https:\/\/www.ar-architectes.com\/wp-content\/uploads\/2023\/10\/3.HQE_.jpg\" class=\"attachment-full size-full wp-image-310\" alt=\"\" srcset=\"https:\/\/www.ar-architectes.com\/wp-content\/uploads\/2023\/10\/3.HQE_.jpg 594w, https:\/\/www.ar-architectes.com\/wp-content\/uploads\/2023\/10\/3.HQE_-300x141.jpg 300w\" sizes=\"(max-width: 594px) 100vw, 594px\" \/>\t\t\t\t\t\t\t\t<\/a>\n\t\t\t\t\t\t\t\t\t\t\t\t\t\t\t<\/div>\n\t\t\t\t<\/div>\n\t\t\t\t<\/div>\n\t\t<div class=\"elementor-element elementor-element-9efb9c5 e-con-full e-flex e-con e-child\" data-id=\"9efb9c5\" data-element_type=\"container\" data-e-type=\"container\">\n\t\t\t\t<div class=\"elementor-element elementor-element-f79b7aa img-associations elementor-widget elementor-widget-image\" data-id=\"f79b7aa\" data-element_type=\"widget\" data-e-type=\"widget\" data-widget_type=\"image.default\">\n\t\t\t\t<div class=\"elementor-widget-container\">\n\t\t\t\t\t\t\t\t\t\t\t\t\t\t\t\t<a href=\"https:\/\/certivea.fr\/qui-sommes-nous\/certivea-a-linternational\/\">\n\t\t\t\t\t\t\t<img loading=\"lazy\" decoding=\"async\" width=\"732\" height=\"486\" src=\"https:\/\/www.ar-architectes.com\/wp-content\/uploads\/2023\/10\/4.CERWAY.jpg\" class=\"attachment-full size-full wp-image-311\" alt=\"\" srcset=\"https:\/\/www.ar-architectes.com\/wp-content\/uploads\/2023\/10\/4.CERWAY.jpg 732w, https:\/\/www.ar-architectes.com\/wp-content\/uploads\/2023\/10\/4.CERWAY-300x199.jpg 300w, https:\/\/www.ar-architectes.com\/wp-content\/uploads\/2023\/10\/4.CERWAY-700x465.jpg 700w\" sizes=\"(max-width: 732px) 100vw, 732px\" \/>\t\t\t\t\t\t\t\t<\/a>\n\t\t\t\t\t\t\t\t\t\t\t\t\t\t\t<\/div>\n\t\t\t\t<\/div>\n\t\t\t\t<\/div>\n\t\t<div class=\"elementor-element elementor-element-7e985ff e-con-full e-flex e-con e-child\" data-id=\"7e985ff\" data-element_type=\"container\" data-e-type=\"container\">\n\t\t\t\t<div class=\"elementor-element elementor-element-ccb8234 img-associations elementor-widget elementor-widget-image\" data-id=\"ccb8234\" data-element_type=\"widget\" data-e-type=\"widget\" data-widget_type=\"image.default\">\n\t\t\t\t<div class=\"elementor-widget-container\">\n\t\t\t\t\t\t\t\t\t\t\t\t\t\t\t\t<a href=\"https:\/\/www.businessfrance.fr\/\">\n\t\t\t\t\t\t\t<img loading=\"lazy\" decoding=\"async\" width=\"535\" height=\"348\" src=\"https:\/\/www.ar-architectes.com\/wp-content\/uploads\/2023\/10\/5.BUSINESS-FRANCE.jpg\" class=\"attachment-full size-full wp-image-312\" alt=\"\" srcset=\"https:\/\/www.ar-architectes.com\/wp-content\/uploads\/2023\/10\/5.BUSINESS-FRANCE.jpg 535w, https:\/\/www.ar-architectes.com\/wp-content\/uploads\/2023\/10\/5.BUSINESS-FRANCE-300x195.jpg 300w, https:\/\/www.ar-architectes.com\/wp-content\/uploads\/2023\/10\/5.BUSINESS-FRANCE-400x260.jpg 400w\" sizes=\"(max-width: 535px) 100vw, 535px\" \/>\t\t\t\t\t\t\t\t<\/a>\n\t\t\t\t\t\t\t\t\t\t\t\t\t\t\t<\/div>\n\t\t\t\t<\/div>\n\t\t\t\t<\/div>\n\t\t\t\t\t<\/div>\n\t\t\t\t<\/div>\n\t\t<div class=\"elementor-element elementor-element-32e9072 e-flex e-con-boxed e-con e-parent\" data-id=\"32e9072\" data-element_type=\"container\" data-e-type=\"container\">\n\t\t\t\t\t<div class=\"e-con-inner\">\n\t\t<div class=\"elementor-element elementor-element-6259206 e-con-full e-flex e-con e-child\" data-id=\"6259206\" data-element_type=\"container\" data-e-type=\"container\">\n\t\t\t\t<div class=\"elementor-element elementor-element-c3e9677 img-associations elementor-widget elementor-widget-image\" data-id=\"c3e9677\" data-element_type=\"widget\" data-e-type=\"widget\" data-widget_type=\"image.default\">\n\t\t\t\t<div class=\"elementor-widget-container\">\n\t\t\t\t\t\t\t\t\t\t\t\t\t\t\t\t<a href=\"https:\/\/advancity.capdigital.com\/\">\n\t\t\t\t\t\t\t<img loading=\"lazy\" decoding=\"async\" width=\"486\" height=\"334\" src=\"https:\/\/www.ar-architectes.com\/wp-content\/uploads\/2023\/10\/6.ADVANCITY.jpg\" class=\"attachment-full size-full wp-image-313\" alt=\"\" srcset=\"https:\/\/www.ar-architectes.com\/wp-content\/uploads\/2023\/10\/6.ADVANCITY.jpg 486w, https:\/\/www.ar-architectes.com\/wp-content\/uploads\/2023\/10\/6.ADVANCITY-300x206.jpg 300w\" sizes=\"(max-width: 486px) 100vw, 486px\" \/>\t\t\t\t\t\t\t\t<\/a>\n\t\t\t\t\t\t\t\t\t\t\t\t\t\t\t<\/div>\n\t\t\t\t<\/div>\n\t\t\t\t<\/div>\n\t\t<div class=\"elementor-element elementor-element-f30b21b e-con-full e-flex e-con e-child\" data-id=\"f30b21b\" data-element_type=\"container\" data-e-type=\"container\">\n\t\t\t\t<div class=\"elementor-element elementor-element-30d387d img-associations elementor-widget elementor-widget-image\" data-id=\"30d387d\" data-element_type=\"widget\" data-e-type=\"widget\" data-widget_type=\"image.default\">\n\t\t\t\t<div class=\"elementor-widget-container\">\n\t\t\t\t\t\t\t\t\t\t\t\t\t\t\t\t<a href=\"https:\/\/www.cci-paris-idf.fr\/fr#1\">\n\t\t\t\t\t\t\t<img loading=\"lazy\" decoding=\"async\" width=\"1224\" height=\"357\" src=\"https:\/\/www.ar-architectes.com\/wp-content\/uploads\/2023\/10\/7.CCIPARIS.jpg\" class=\"attachment-full size-full wp-image-314\" alt=\"\" srcset=\"https:\/\/www.ar-architectes.com\/wp-content\/uploads\/2023\/10\/7.CCIPARIS.jpg 1224w, https:\/\/www.ar-architectes.com\/wp-content\/uploads\/2023\/10\/7.CCIPARIS-300x88.jpg 300w, https:\/\/www.ar-architectes.com\/wp-content\/uploads\/2023\/10\/7.CCIPARIS-1024x299.jpg 1024w, https:\/\/www.ar-architectes.com\/wp-content\/uploads\/2023\/10\/7.CCIPARIS-768x224.jpg 768w, https:\/\/www.ar-architectes.com\/wp-content\/uploads\/2023\/10\/7.CCIPARIS-700x204.jpg 700w\" sizes=\"(max-width: 1224px) 100vw, 1224px\" \/>\t\t\t\t\t\t\t\t<\/a>\n\t\t\t\t\t\t\t\t\t\t\t\t\t\t\t<\/div>\n\t\t\t\t<\/div>\n\t\t\t\t<\/div>\n\t\t<div class=\"elementor-element elementor-element-b56ae63 e-con-full e-flex e-con e-child\" data-id=\"b56ae63\" data-element_type=\"container\" data-e-type=\"container\">\n\t\t\t\t<div class=\"elementor-element elementor-element-0faa449 img-associations elementor-widget elementor-widget-image\" data-id=\"0faa449\" data-element_type=\"widget\" data-e-type=\"widget\" data-widget_type=\"image.default\">\n\t\t\t\t<div class=\"elementor-widget-container\">\n\t\t\t\t\t\t\t\t\t\t\t\t\t\t\t\t<a href=\"https:\/\/greenenergygroup.fr\/\">\n\t\t\t\t\t\t\t<img loading=\"lazy\" decoding=\"async\" width=\"916\" height=\"493\" src=\"https:\/\/www.ar-architectes.com\/wp-content\/uploads\/2023\/12\/Green-energy-group.png\" class=\"attachment-full size-full wp-image-2786\" alt=\"\" srcset=\"https:\/\/www.ar-architectes.com\/wp-content\/uploads\/2023\/12\/Green-energy-group.png 916w, https:\/\/www.ar-architectes.com\/wp-content\/uploads\/2023\/12\/Green-energy-group-300x161.png 300w, https:\/\/www.ar-architectes.com\/wp-content\/uploads\/2023\/12\/Green-energy-group-768x413.png 768w, https:\/\/www.ar-architectes.com\/wp-content\/uploads\/2023\/12\/Green-energy-group-700x377.png 700w\" sizes=\"(max-width: 916px) 100vw, 916px\" \/>\t\t\t\t\t\t\t\t<\/a>\n\t\t\t\t\t\t\t\t\t\t\t\t\t\t\t<\/div>\n\t\t\t\t<\/div>\n\t\t\t\t<\/div>\n\t\t<div class=\"elementor-element elementor-element-1e8f76d e-con-full e-flex e-con e-child\" data-id=\"1e8f76d\" data-element_type=\"container\" data-e-type=\"container\">\n\t\t\t\t<div class=\"elementor-element elementor-element-6d04201 img-associations elementor-widget elementor-widget-image\" data-id=\"6d04201\" data-element_type=\"widget\" data-e-type=\"widget\" data-widget_type=\"image.default\">\n\t\t\t\t<div class=\"elementor-widget-container\">\n\t\t\t\t\t\t\t\t\t\t\t\t\t\t\t\t<a href=\"https:\/\/www.afex.fr\/\">\n\t\t\t\t\t\t\t<img loading=\"lazy\" decoding=\"async\" width=\"1181\" height=\"1181\" src=\"https:\/\/www.ar-architectes.com\/wp-content\/uploads\/2023\/12\/logo-afex.jpeg\" class=\"attachment-full size-full wp-image-2827\" alt=\"\" srcset=\"https:\/\/www.ar-architectes.com\/wp-content\/uploads\/2023\/12\/logo-afex.jpeg 1181w, https:\/\/www.ar-architectes.com\/wp-content\/uploads\/2023\/12\/logo-afex-300x300.jpeg 300w, https:\/\/www.ar-architectes.com\/wp-content\/uploads\/2023\/12\/logo-afex-1024x1024.jpeg 1024w, https:\/\/www.ar-architectes.com\/wp-content\/uploads\/2023\/12\/logo-afex-150x150.jpeg 150w, https:\/\/www.ar-architectes.com\/wp-content\/uploads\/2023\/12\/logo-afex-768x768.jpeg 768w, https:\/\/www.ar-architectes.com\/wp-content\/uploads\/2023\/12\/logo-afex-570x570.jpeg 570w, https:\/\/www.ar-architectes.com\/wp-content\/uploads\/2023\/12\/logo-afex-500x500.jpeg 500w, https:\/\/www.ar-architectes.com\/wp-content\/uploads\/2023\/12\/logo-afex-1000x1000.jpeg 1000w, https:\/\/www.ar-architectes.com\/wp-content\/uploads\/2023\/12\/logo-afex-700x700.jpeg 700w, https:\/\/www.ar-architectes.com\/wp-content\/uploads\/2023\/12\/logo-afex-650x650.jpeg 650w\" sizes=\"(max-width: 1181px) 100vw, 1181px\" \/>\t\t\t\t\t\t\t\t<\/a>\n\t\t\t\t\t\t\t\t\t\t\t\t\t\t\t<\/div>\n\t\t\t\t<\/div>\n\t\t\t\t<\/div>\n\t\t<div class=\"elementor-element elementor-element-7520e8b e-con-full e-flex e-con e-child\" data-id=\"7520e8b\" data-element_type=\"container\" data-e-type=\"container\">\n\t\t\t\t<div class=\"elementor-element elementor-element-30623a9 img-associations elementor-widget elementor-widget-image\" data-id=\"30623a9\" data-element_type=\"widget\" data-e-type=\"widget\" data-widget_type=\"image.default\">\n\t\t\t\t<div class=\"elementor-widget-container\">\n\t\t\t\t\t\t\t\t\t\t\t\t\t\t\t\t<a href=\"https:\/\/www.cpme.fr\/\">\n\t\t\t\t\t\t\t<img decoding=\"async\" src=\"https:\/\/www.ar-architectes.com\/wp-content\/uploads\/elementor\/thumbs\/Logo-CPME-Nationale-qhimj9crbmm2ofex3qbe8clikeltlsnnpbj7z60puw.jpeg\" title=\"Logo-CPME-Nationale\" alt=\"Logo-CPME-Nationale\" loading=\"lazy\" \/>\t\t\t\t\t\t\t\t<\/a>\n\t\t\t\t\t\t\t\t\t\t\t\t\t\t\t<\/div>\n\t\t\t\t<\/div>\n\t\t\t\t<\/div>\n\t\t\t\t\t<\/div>\n\t\t\t\t<\/div>\n\t\t<div class=\"elementor-element elementor-element-ebedded e-flex e-con-boxed e-con e-parent\" data-id=\"ebedded\" data-element_type=\"container\" data-e-type=\"container\">\n\t\t\t\t\t<div class=\"e-con-inner\">\n\t\t<div class=\"elementor-element elementor-element-8aa7567 e-con-full e-flex e-con e-child\" data-id=\"8aa7567\" data-element_type=\"container\" data-e-type=\"container\">\n\t\t\t\t<div class=\"elementor-element elementor-element-f9c32f0 img-associations elementor-widget elementor-widget-image\" data-id=\"f9c32f0\" data-element_type=\"widget\" data-e-type=\"widget\" data-widget_type=\"image.default\">\n\t\t\t\t<div class=\"elementor-widget-container\">\n\t\t\t\t\t\t\t\t\t\t\t\t\t\t\t\t<a href=\"http:\/\/www.oree.org\/\">\n\t\t\t\t\t\t\t<img loading=\"lazy\" decoding=\"async\" width=\"617\" height=\"327\" src=\"https:\/\/www.ar-architectes.com\/wp-content\/uploads\/2023\/10\/11.LOGO_OREE.jpg\" class=\"attachment-full size-full wp-image-318\" alt=\"\" srcset=\"https:\/\/www.ar-architectes.com\/wp-content\/uploads\/2023\/10\/11.LOGO_OREE.jpg 617w, https:\/\/www.ar-architectes.com\/wp-content\/uploads\/2023\/10\/11.LOGO_OREE-300x159.jpg 300w\" sizes=\"(max-width: 617px) 100vw, 617px\" \/>\t\t\t\t\t\t\t\t<\/a>\n\t\t\t\t\t\t\t\t\t\t\t\t\t\t\t<\/div>\n\t\t\t\t<\/div>\n\t\t\t\t<\/div>\n\t\t<div class=\"elementor-element elementor-element-6166c44 e-con-full e-flex e-con e-child\" data-id=\"6166c44\" data-element_type=\"container\" data-e-type=\"container\">\n\t\t\t\t<\/div>\n\t\t<div class=\"elementor-element elementor-element-152a07e e-con-full e-flex e-con e-child\" data-id=\"152a07e\" data-element_type=\"container\" data-e-type=\"container\">\n\t\t\t\t<\/div>\n\t\t<div class=\"elementor-element elementor-element-4e957cd e-con-full e-flex e-con e-child\" data-id=\"4e957cd\" data-element_type=\"container\" data-e-type=\"container\">\n\t\t\t\t<\/div>\n\t\t<div class=\"elementor-element elementor-element-60893ba e-con-full e-flex e-con e-child\" data-id=\"60893ba\" data-element_type=\"container\" data-e-type=\"container\">\n\t\t\t\t<\/div>\n\t\t\t\t\t<\/div>\n\t\t\t\t<\/div>\n\t\t\t\t<\/div>\n\t\t","protected":false},"excerpt":{"rendered":"<p>Associations et cercles professionnels AR ARCHITECTES est membre actif de plusieurs associations environnementales et participe \u00e0 des colloques et des conf\u00e9rences apportant son savoir-faire en d\u00e9marche HQE\u00ae dans la construction, la r\u00e9novation du patrimoine existant et l\u2019am\u00e9nagement paysager visant l\u2019int\u00e9gration des b\u00e2timents dans leur environnement&#8230;<\/p>\n","protected":false},"author":1,"featured_media":0,"parent":0,"menu_order":0,"comment_status":"closed","ping_status":"closed","template":"","meta":{"_monsterinsights_skip_tracking":false,"_monsterinsights_sitenote_active":false,"_monsterinsights_sitenote_note":"","_monsterinsights_sitenote_category":0,"footnotes":""},"class_list":["post-842","page","type-page","status-publish","hentry"],"_links":{"self":[{"href":"https:\/\/www.ar-architectes.com\/fr\/wp-json\/wp\/v2\/pages\/842","targetHints":{"allow":["GET"]}}],"collection":[{"href":"https:\/\/www.ar-architectes.com\/fr\/wp-json\/wp\/v2\/pages"}],"about":[{"href":"https:\/\/www.ar-architectes.com\/fr\/wp-json\/wp\/v2\/types\/page"}],"author":[{"embeddable":true,"href":"https:\/\/www.ar-architectes.com\/fr\/wp-json\/wp\/v2\/users\/1"}],"replies":[{"embeddable":true,"href":"https:\/\/www.ar-architectes.com\/fr\/wp-json\/wp\/v2\/comments?post=842"}],"version-history":[{"count":40,"href":"https:\/\/www.ar-architectes.com\/fr\/wp-json\/wp\/v2\/pages\/842\/revisions"}],"predecessor-version":[{"id":4160,"href":"https:\/\/www.ar-architectes.com\/fr\/wp-json\/wp\/v2\/pages\/842\/revisions\/4160"}],"wp:attachment":[{"href":"https:\/\/www.ar-architectes.com\/fr\/wp-json\/wp\/v2\/media?parent=842"}],"curies":[{"name":"wp","href":"https:\/\/api.w.org\/{rel}","templated":true}]}}