{"id":863,"date":"2023-10-26T20:19:49","date_gmt":"2023-10-26T20:19:49","guid":{"rendered":"https:\/\/www.ar-architectes.com\/?page_id=863"},"modified":"2025-10-23T09:23:01","modified_gmt":"2025-10-23T09:23:01","slug":"equipe","status":"publish","type":"page","link":"https:\/\/www.ar-architectes.com\/fr\/equipe\/","title":{"rendered":"Notre \u00e9quipe"},"content":{"rendered":"\t\t<div data-elementor-type=\"wp-page\" data-elementor-id=\"863\" class=\"elementor elementor-863\">\n\t\t\t\t<div class=\"elementor-element elementor-element-90cc15a e-flex e-con-boxed e-con e-parent\" data-id=\"90cc15a\" data-element_type=\"container\" data-e-type=\"container\">\n\t\t\t\t\t<div class=\"e-con-inner\">\n\t\t\t\t<div class=\"elementor-element elementor-element-c0d6084 elementor-widget elementor-widget-heading\" data-id=\"c0d6084\" data-element_type=\"widget\" data-e-type=\"widget\" data-widget_type=\"heading.default\">\n\t\t\t\t<div class=\"elementor-widget-container\">\n\t\t\t\t\t<p class=\"elementor-heading-title elementor-size-default\">L'\u00e9quipe<\/p>\t\t\t\t<\/div>\n\t\t\t\t<\/div>\n\t\t\t\t\t<\/div>\n\t\t\t\t<\/div>\n\t\t<div class=\"elementor-element elementor-element-29e48fe e-flex e-con-boxed e-con e-parent\" data-id=\"29e48fe\" data-element_type=\"container\" data-e-type=\"container\">\n\t\t\t\t\t<div class=\"e-con-inner\">\n\t\t\t\t<div class=\"elementor-element elementor-element-c248495 elementor-widget elementor-widget-text-editor\" data-id=\"c248495\" data-element_type=\"widget\" data-e-type=\"widget\" data-widget_type=\"text-editor.default\">\n\t\t\t\t<div class=\"elementor-widget-container\">\n\t\t\t\t\t\t\t\t\t<p class=\"m_-7303479969037925575MsoListParagraph\">Sous la direction de Mme Ruba ALABED, fondatrice et Architecte DESA, sp\u00e9cialis\u00e9e en d\u00e9marche HQE\u00ae, l\u2019agence d\u00e9veloppe une activit\u00e9 d&rsquo;\u00e9tudes architecturales, paysag\u00e8res et environnementales de conception, de conseil et de ma\u00eetrise d&rsquo;\u0153uvre compl\u00e8te (\u00e9tudes et suivi des travaux), aussi bien sur des travaux de construction neuve que de r\u00e9habilitation et r\u00e9novation.<u><\/u><u><\/u><\/p><p class=\"m_-7303479969037925575MsoListParagraph\">L\u2019agence r\u00e9unit une\u00a0<b>\u00e9quipe pluridisciplinaire\u00a0<\/b>ayant des comp\u00e9tences en architecture, paysage, environnement, HQE\u00a9 et infographie.<u><\/u><u><\/u><\/p><p class=\"m_-7303479969037925575MsoListParagraph\"><u><\/u>\u00a0<u><\/u><\/p><p class=\"m_-7303479969037925575MsoListParagraph\">Notre \u00e9quipe apporte fiabilit\u00e9 et implication \u00e0 tous les stades du projet :<u><\/u><u><\/u><\/p><ul type=\"disc\"><li style=\"list-style-type: none;\"><ul type=\"circle\"><li class=\"m_-7303479969037925575MsoListParagraph\">Qualifications de l\u2019\u00e9quipe : architecture, ing\u00e9nierie en efficacit\u00e9 \u00e9nerg\u00e9tique, environnement, mat\u00e9riaux biosourc\u00e9s, accessibilit\u00e9 tous handicaps, am\u00e9nagements urbains et paysagers incluant les techniques de phyto\u00e9puration (d\u00e9pollution du sol, de l\u2019eau et de l\u2019air par les plantes) ;<u><\/u><u><\/u><\/li><li class=\"m_-7303479969037925575MsoListParagraph\">Gestion de projet, animation des \u00e9tudes et travail collaboratif avec les partenaires ;<u><\/u><u><\/u><\/li><li class=\"m_-7303479969037925575MsoListParagraph\">Capacit\u00e9 r\u00e9dactionnelle pour les DCE, rigueur de l\u2019analyse des offres et synth\u00e8se lors de la restitution pr\u00e9sent\u00e9e \u00e0 la maitrise d\u2019ouvrage ;<u><\/u><u><\/u><\/li><li class=\"m_-7303479969037925575MsoListParagraph\">Vigilance du suivi technique du chantier.<\/li><\/ul><\/li><\/ul>\t\t\t\t\t\t\t\t<\/div>\n\t\t\t\t<\/div>\n\t\t\t\t\t<\/div>\n\t\t\t\t<\/div>\n\t\t<div class=\"elementor-element elementor-element-5ec19c0 e-flex e-con-boxed e-con e-parent\" data-id=\"5ec19c0\" data-element_type=\"container\" data-e-type=\"container\">\n\t\t\t\t\t<div class=\"e-con-inner\">\n\t\t<div class=\"elementor-element elementor-element-b6c93da e-con-full e-flex e-con e-child\" data-id=\"b6c93da\" data-element_type=\"container\" data-e-type=\"container\">\n\t\t\t\t<div class=\"elementor-element elementor-element-de47276 elementor-widget elementor-widget-bridge_team\" data-id=\"de47276\" data-element_type=\"widget\" data-e-type=\"widget\" data-widget_type=\"bridge_team.default\">\n\t\t\t\t<div class=\"elementor-widget-container\">\n\t\t\t\t\t<div class='q_team info_description_below_image qode_team_disabled_hover'><div class='q_team_inner'><div class='q_team_image'><div class='q_team_image_holder'><img itemprop='image' src='https:\/\/www.ar-architectes.com\/wp-content\/uploads\/2024\/07\/AR_PHOTO-RUBA_100724-scaled.jpeg' alt='AR_PHOTO RUBA_100724' \/><\/div><div class='q_team_text' ><div class='q_team_text_inner'><div class='q_team_title_holder'><h3 class='q_team_name' style = 'color: #000000;'>Ruba ALABED <\/h3><span style = 'color: #000000;'>Fondatrice - G\u00e9rante<\/span><\/div><div class='separator small center' style = 'background-color: ;'><\/div><div class='q_team_description_below_image_wrapper'><div class='q_team_description'><div class='q_team_description_inner'><p>Architecte DESA<br \/>\nD\u00e9l\u00e9gu\u00e9e G\u00e9n\u00e9rale Club ADEME International<br \/>Conseill\u00e8re du Commerce Ext\u00e9rieur de la France et membre du groupe d\u2019expertise \u00ab Climate Change \u00bb<\/p><\/div><\/div><\/div><\/div><\/div><div class='q_team_social_holder'><\/div><\/div><\/div><\/div>\t\t\t\t<\/div>\n\t\t\t\t<\/div>\n\t\t\t\t<\/div>\n\t\t<div class=\"elementor-element elementor-element-010abbd e-con-full e-flex e-con e-child\" data-id=\"010abbd\" data-element_type=\"container\" data-e-type=\"container\">\n\t\t\t\t<div class=\"elementor-element elementor-element-528b909 elementor-widget__width-initial elementor-widget elementor-widget-bridge_team\" data-id=\"528b909\" data-element_type=\"widget\" data-e-type=\"widget\" data-widget_type=\"bridge_team.default\">\n\t\t\t\t<div class=\"elementor-widget-container\">\n\t\t\t\t\t<div class='q_team info_description_below_image qode_team_disabled_hover'><div class='q_team_inner'><div class='q_team_image'><div class='q_team_image_holder'><img itemprop='image' src='https:\/\/www.ar-architectes.com\/wp-content\/uploads\/2025\/04\/GAETAN-4.png' alt='GAETAN 4' \/><\/div><div class='q_team_text' ><div class='q_team_text_inner'><div class='q_team_title_holder'><h3 class='q_team_name' style = 'color: #000000;'>GAETAN MIGLIASSO<\/h3><span style = 'color: #000000;'>Charg\u00e9 de projet<\/span><\/div><div class='separator small center' style = 'background-color: ;'><\/div><div class='q_team_description_below_image_wrapper'><div class='q_team_description'><div class='q_team_description_inner'><p>Architecte DE-HMONP <br \/> LOCI Bruxelles<\/p><\/div><\/div><\/div><\/div><\/div><div class='q_team_social_holder'><\/div><\/div><\/div><\/div>\t\t\t\t<\/div>\n\t\t\t\t<\/div>\n\t\t\t\t<\/div>\n\t\t<div class=\"elementor-element elementor-element-9b817e5 e-con-full e-flex e-con e-child\" data-id=\"9b817e5\" data-element_type=\"container\" data-e-type=\"container\">\n\t\t\t\t<div class=\"elementor-element elementor-element-cd6819e elementor-widget__width-initial elementor-widget elementor-widget-bridge_team\" data-id=\"cd6819e\" data-element_type=\"widget\" data-e-type=\"widget\" data-widget_type=\"bridge_team.default\">\n\t\t\t\t<div class=\"elementor-widget-container\">\n\t\t\t\t\t<div class='q_team info_description_below_image qode_team_disabled_hover'><div class='q_team_inner'><div class='q_team_image'><div class='q_team_image_holder'><img itemprop='image' src='https:\/\/www.ar-architectes.com\/wp-content\/uploads\/2024\/07\/AR_PHOTO-TUNG_100724-scaled.jpeg' alt='AR_PHOTO TUNG_100724' \/><\/div><div class='q_team_text' ><div class='q_team_text_inner'><div class='q_team_title_holder'><h3 class='q_team_name' style = 'color: #000000;'>Xuan Tung NGUYEN<\/h3><span style = 'color: #000000;'>Assistant de projet<\/span><\/div><div class='separator small center' style = 'background-color: ;'><\/div><div class='q_team_description_below_image_wrapper'><div class='q_team_description'><div class='q_team_description_inner'><p>Architecte DE-HMONP <br \/> ENSA Belleville\n\n  \n <\/p><\/div><\/div><\/div><\/div><\/div><div class='q_team_social_holder'><\/div><\/div><\/div><\/div>\t\t\t\t<\/div>\n\t\t\t\t<\/div>\n\t\t\t\t<\/div>\n\t\t\t\t\t<\/div>\n\t\t\t\t<\/div>\n\t\t<div class=\"elementor-element elementor-element-57d8069 e-flex e-con-boxed e-con e-parent\" data-id=\"57d8069\" data-element_type=\"container\" data-e-type=\"container\">\n\t\t\t\t\t<div class=\"e-con-inner\">\n\t\t<div class=\"elementor-element elementor-element-e5cc4a7 e-con-full e-flex e-con e-child\" data-id=\"e5cc4a7\" data-element_type=\"container\" data-e-type=\"container\">\n\t\t\t\t<div class=\"elementor-element elementor-element-b8506d7 elementor-widget__width-initial elementor-widget elementor-widget-bridge_team\" data-id=\"b8506d7\" data-element_type=\"widget\" data-e-type=\"widget\" data-widget_type=\"bridge_team.default\">\n\t\t\t\t<div class=\"elementor-widget-container\">\n\t\t\t\t\t<div class='q_team info_description_below_image qode_team_disabled_hover'><div class='q_team_inner'><div class='q_team_image'><div class='q_team_image_holder'><img itemprop='image' src='https:\/\/www.ar-architectes.com\/wp-content\/uploads\/2025\/04\/LISA2-e1744118214992.png' alt='LISA2' \/><\/div><div class='q_team_text' ><div class='q_team_text_inner'><div class='q_team_title_holder'><h3 class='q_team_name' style = 'color: #000000;'>Lisa DELGADO<\/h3><span style = 'color: #000000;'>Assistante de projet<\/span><\/div><div class='separator small center' style = 'background-color: ;'><\/div><div class='q_team_description_below_image_wrapper'><div class='q_team_description'><div class='q_team_description_inner'><p>Architecte DE <br \/> ESA Paris\n\n  \n <\/p><\/div><\/div><\/div><\/div><\/div><div class='q_team_social_holder'><\/div><\/div><\/div><\/div>\t\t\t\t<\/div>\n\t\t\t\t<\/div>\n\t\t\t\t<\/div>\n\t\t<div class=\"elementor-element elementor-element-fc9a16b e-con-full e-flex e-con e-child\" data-id=\"fc9a16b\" data-element_type=\"container\" data-e-type=\"container\">\n\t\t\t\t<div class=\"elementor-element elementor-element-c45ea01 elementor-widget__width-initial elementor-widget elementor-widget-bridge_team\" data-id=\"c45ea01\" data-element_type=\"widget\" data-e-type=\"widget\" data-widget_type=\"bridge_team.default\">\n\t\t\t\t<div class=\"elementor-widget-container\">\n\t\t\t\t\t<div class='q_team info_description_below_image qode_team_disabled_hover'><div class='q_team_inner'><div class='q_team_image'><div class='q_team_image_holder'><img itemprop='image' src='https:\/\/www.ar-architectes.com\/wp-content\/uploads\/2025\/10\/Vincent-LAVOYE-1-e1762960394347.png' alt='Vincent-LAVOYE-1' \/><\/div><div class='q_team_text' ><div class='q_team_text_inner'><div class='q_team_title_holder'><h3 class='q_team_name' style = 'color: #000000;'>vincent lavoye<\/h3><span style = 'color: #000000;'>Pilote de chantier <br \/> Charg\u00e9 de projet<\/span><\/div><div class='separator small center' style = 'background-color: ;'><\/div><div class='q_team_description_below_image_wrapper'><div class='q_team_description'><div class='q_team_description_inner'><p>\n <\/p><\/div><\/div><\/div><\/div><\/div><div class='q_team_social_holder'><\/div><\/div><\/div><\/div>\t\t\t\t<\/div>\n\t\t\t\t<\/div>\n\t\t\t\t<\/div>\n\t\t<div class=\"elementor-element elementor-element-cc96138 e-con-full e-flex e-con e-child\" data-id=\"cc96138\" data-element_type=\"container\" data-e-type=\"container\">\n\t\t\t\t<div class=\"elementor-element elementor-element-ffca6e8 elementor-widget__width-initial elementor-widget elementor-widget-bridge_team\" data-id=\"ffca6e8\" data-element_type=\"widget\" data-e-type=\"widget\" data-widget_type=\"bridge_team.default\">\n\t\t\t\t<div class=\"elementor-widget-container\">\n\t\t\t\t\t<div class='q_team info_description_below_image qode_team_disabled_hover'><div class='q_team_inner'><div class='q_team_image'><div class='q_team_image_holder'><img itemprop='image' src='https:\/\/www.ar-architectes.com\/wp-content\/uploads\/2025\/04\/WhatsApp-Image-2023-10-25-at-18.15.55-e1762960461785.jpeg' alt='WhatsApp Image 2023-10-25 at 18.15.55' \/><\/div><div class='q_team_text' ><div class='q_team_text_inner'><div class='q_team_title_holder'><h3 class='q_team_name' style = 'color: #000000;'>Sylvie BRUNETEAUX<\/h3><span style = 'color: #000000;'>Assistante de direction<\/span><\/div><div class='separator small center' style = 'background-color: ;'><\/div><div class='q_team_description_below_image_wrapper'><div class='q_team_description'><div class='q_team_description_inner'><p> <\/p><\/div><\/div><\/div><\/div><\/div><div class='q_team_social_holder'><\/div><\/div><\/div><\/div>\t\t\t\t<\/div>\n\t\t\t\t<\/div>\n\t\t\t\t<\/div>\n\t\t\t\t\t<\/div>\n\t\t\t\t<\/div>\n\t\t<div class=\"elementor-element elementor-element-6e017ff e-flex e-con-boxed e-con e-parent\" data-id=\"6e017ff\" data-element_type=\"container\" data-e-type=\"container\">\n\t\t\t\t\t<div class=\"e-con-inner\">\n\t\t\t\t<div class=\"elementor-element elementor-element-ae575af elementor-widget__width-initial elementor-widget elementor-widget-bridge_team\" data-id=\"ae575af\" data-element_type=\"widget\" data-e-type=\"widget\" data-widget_type=\"bridge_team.default\">\n\t\t\t\t<div class=\"elementor-widget-container\">\n\t\t\t\t\t<div class='q_team info_description_below_image qode_team_disabled_hover'><div class='q_team_inner'><div class='q_team_image'><div class='q_team_image_holder'><img itemprop='image' src='https:\/\/www.ar-architectes.com\/wp-content\/uploads\/2024\/07\/AR_PHOTO-ANAS-ALABED_021123.jpg' alt='AR_PHOTO ANAS ALABED_021123' \/><\/div><div class='q_team_text' ><div class='q_team_text_inner'><div class='q_team_title_holder'><h3 class='q_team_name' style = 'color: #000000;'>Anas ALABED<\/h3><span style = 'color: #000000;'>Directeur Artistique<\/span><\/div><div class='separator small center' style = 'background-color: ;'><\/div><div class='q_team_description_below_image_wrapper'><div class='q_team_description'><div class='q_team_description_inner'><p>Infographiste <br \/>\nE-art SUP INSTITUT, Paris<\/p><\/div><\/div><\/div><\/div><\/div><div class='q_team_social_holder'><\/div><\/div><\/div><\/div>\t\t\t\t<\/div>\n\t\t\t\t<\/div>\n\t\t<div class=\"elementor-element elementor-element-8f33547 e-con-full e-flex e-con e-child\" data-id=\"8f33547\" data-element_type=\"container\" data-e-type=\"container\">\n\t\t\t\t<\/div>\n\t\t\t\t\t<\/div>\n\t\t\t\t<\/div>\n\t\t\t\t<\/div>\n\t\t","protected":false},"excerpt":{"rendered":"<p>L&rsquo;\u00e9quipe Sous la direction de Mme Ruba ALABED, fondatrice et Architecte DESA, sp\u00e9cialis\u00e9e en d\u00e9marche HQE\u00ae, l\u2019agence d\u00e9veloppe une activit\u00e9 d&rsquo;\u00e9tudes architecturales, paysag\u00e8res et environnementales de conception, de conseil et de ma\u00eetrise d&rsquo;\u0153uvre compl\u00e8te (\u00e9tudes et suivi des travaux), aussi bien sur des travaux de&#8230;<\/p>\n","protected":false},"author":1,"featured_media":0,"parent":0,"menu_order":0,"comment_status":"closed","ping_status":"closed","template":"","meta":{"_monsterinsights_skip_tracking":false,"_monsterinsights_sitenote_active":false,"_monsterinsights_sitenote_note":"","_monsterinsights_sitenote_category":0,"footnotes":""},"class_list":["post-863","page","type-page","status-publish","hentry"],"_links":{"self":[{"href":"https:\/\/www.ar-architectes.com\/fr\/wp-json\/wp\/v2\/pages\/863","targetHints":{"allow":["GET"]}}],"collection":[{"href":"https:\/\/www.ar-architectes.com\/fr\/wp-json\/wp\/v2\/pages"}],"about":[{"href":"https:\/\/www.ar-architectes.com\/fr\/wp-json\/wp\/v2\/types\/page"}],"author":[{"embeddable":true,"href":"https:\/\/www.ar-architectes.com\/fr\/wp-json\/wp\/v2\/users\/1"}],"replies":[{"embeddable":true,"href":"https:\/\/www.ar-architectes.com\/fr\/wp-json\/wp\/v2\/comments?post=863"}],"version-history":[{"count":68,"href":"https:\/\/www.ar-architectes.com\/fr\/wp-json\/wp\/v2\/pages\/863\/revisions"}],"predecessor-version":[{"id":6935,"href":"https:\/\/www.ar-architectes.com\/fr\/wp-json\/wp\/v2\/pages\/863\/revisions\/6935"}],"wp:attachment":[{"href":"https:\/\/www.ar-architectes.com\/fr\/wp-json\/wp\/v2\/media?parent=863"}],"curies":[{"name":"wp","href":"https:\/\/api.w.org\/{rel}","templated":true}]}}